{"id":1094,"date":"2021-06-17T17:15:14","date_gmt":"2021-06-17T15:15:14","guid":{"rendered":"https:\/\/ssv-l\u00fcdenscheid.de\/?page_id=1094"},"modified":"2023-03-30T09:01:47","modified_gmt":"2023-03-30T07:01:47","slug":"kontakt","status":"publish","type":"page","link":"https:\/\/www.ssv-l\u00fcdenscheid.de\/?page_id=1094","title":{"rendered":"Kontakt"},"content":{"rendered":"<div id='full_slider_1'  class='avia-fullwidth-slider main_color avia-shadow   avia-builder-el-0  el_before_av_heading  avia-builder-el-first   container_wrap sidebar_right'  ><div  class='avia-slideshow av-le792w6l-5cb27e7059e9f50318fb797d3f9b5f49 avia-slideshow-featured av_slideshow_full avia-slide-slider av-slideshow-ui av-control-default av-slideshow-manual av-loop-once av-loop-manual-endless av-default-height-applied   avia-slideshow-1' data-slideshow-options=\"{&quot;animation&quot;:&quot;slide&quot;,&quot;autoplay&quot;:false,&quot;loop_autoplay&quot;:&quot;once&quot;,&quot;interval&quot;:5,&quot;loop_manual&quot;:&quot;manual-endless&quot;,&quot;autoplay_stopper&quot;:false,&quot;noNavigation&quot;:false,&quot;bg_slider&quot;:false,&quot;keep_padding&quot;:false,&quot;hoverpause&quot;:false,&quot;show_slide_delay&quot;:0}\"  itemprop=\"image\" itemscope=\"itemscope\" itemtype=\"https:\/\/schema.org\/ImageObject\" ><ul class='avia-slideshow-inner ' style='padding-bottom: 33.725490196078%;'><li  class='avia-slideshow-slide av-le792w6l-5cb27e7059e9f50318fb797d3f9b5f49__0  av-single-slide slide-1 slide-odd'><div data-rel='slideshow-1' class='avia-slide-wrap '   ><img fetchpriority=\"high\" fetchpriority=\"high\" decoding=\"async\" fetchpriority=\"high\" class=\"wp-image-1085 avia-img-lazy-loading-not-1085\"  src=\"https:\/\/www.ssv-l\u00fcdenscheid.de\/wp-content\/uploads\/2021\/06\/hintergrund_kontakt-1275x430.png\" width=\"1275\" height=\"430\" title='hintergrund_kontakt' alt=''  itemprop=\"thumbnailUrl\"   \/><\/div><\/li><\/ul><\/div><\/div><div id='after_full_slider_1'  class='main_color av_default_container_wrap container_wrap sidebar_right'  ><div class='container av-section-cont-open' ><div class='template-page content  av-content-small alpha units'><div class='post-entry post-entry-type-page post-entry-1094'><div class='entry-content-wrapper clearfix'>\n\n<style type=\"text\/css\" data-created_by=\"avia_inline_auto\" id=\"style-css-av-kq12itix-f097269f981b3964e0bb307d7b169576\">\n#top .av-special-heading.av-kq12itix-f097269f981b3964e0bb307d7b169576{\nmargin:0 0 0 0;\npadding-bottom:0;\n}\nbody .av-special-heading.av-kq12itix-f097269f981b3964e0bb307d7b169576 .av-special-heading-tag .heading-char{\nfont-size:25px;\n}\n.av-special-heading.av-kq12itix-f097269f981b3964e0bb307d7b169576 .av-subheading{\nfont-size:15px;\n}\n<\/style>\n<div  class='av-special-heading av-kq12itix-f097269f981b3964e0bb307d7b169576 av-special-heading-h1  avia-builder-el-1  el_after_av_slideshow_full  el_before_av_textblock  avia-builder-el-first '><h1 class='av-special-heading-tag '  itemprop=\"headline\"  >Kontakt<\/h1><div class=\"special-heading-border\"><div class=\"special-heading-inner-border\"><\/div><\/div><\/div>\n<section  class='av_textblock_section av-bviyx2-b6a89caf235a3a74575b64b9c08368e8 '   itemscope=\"itemscope\" itemtype=\"https:\/\/schema.org\/CreativeWork\" ><div class='avia_textblock'  itemprop=\"text\" ><p class=\"Text_Tabelle\">Stadtsportverband L\u00fcdenscheid e.V.<br \/>\nVorstandssprecher:<br \/>\n<strong>Michael Meyer<\/strong><br \/>\nIm Winkel 44, 58509 L\u00fcdenscheid<br \/>\nTelefon: 0 23 51 \/ 95 30 76<br \/>\nE-Mail:\u00a0<a class=\"Text_Links\" href=\"mailto:michael.meyer@ssv-l\u00fcdenscheid.de\"> michael.meyer@ssv-l\u00fcdenscheid.de<\/a><\/p>\n<p class=\"Text_Tabelle\">Gesch\u00e4ftsstelle:<br \/>\nStadtsportverband L\u00fcdenscheid e.V.<br \/>\n<strong>Herbert Koschek<\/strong><br \/>\nAnnabergstra\u00dfe 31, 58511 L\u00fcdenscheid<br \/>\nTelefon: 0 23 51\/ 3 82 28<\/p>\n<p class=\"Text_Tabelle\" align=\"justify\">Verantwortlich f\u00fcr den Inhalt dieser Webseite:<br \/>\n<strong>Michael Meyer<\/strong><br \/>\nIm Winkel 44, 58509 L\u00fcdenscheid<br \/>\nTelefon: 0 23 51 \/ 95 30 76<br \/>\nE-Mail:\u00a0<a class=\"Text_Links\" href=\"mailto:michael.meyer@ssv-l\u00fcdenscheid.de\">michael.meyer@ssv-l\u00fcdenscheid.de<\/a><\/p>\n<p class=\"Text_Tabelle\" align=\"justify\"><strong>Haftungshinweis:<\/strong><br \/>\nF\u00fcr die Inhalte externer Links \u00fcbernehmen wir trotz sorgf\u00e4ltiger Kontrolle keinerlei Haftung.<br \/>\nF\u00fcr die Inhalte verlinkter Seiten sind ausschlie\u00dflich deren Betreiber verantwortlich.<\/p>\n<\/div><\/section>\n","protected":false},"excerpt":{"rendered":"","protected":false},"author":1,"featured_media":1085,"parent":0,"menu_order":0,"comment_status":"closed","ping_status":"closed","template":"","meta":{"footnotes":""},"class_list":["post-1094","page","type-page","status-publish","has-post-thumbnail","hentry"],"_links":{"self":[{"href":"https:\/\/www.ssv-l\u00fcdenscheid.de\/index.php?rest_route=\/wp\/v2\/pages\/1094","targetHints":{"allow":["GET"]}}],"collection":[{"href":"https:\/\/www.ssv-l\u00fcdenscheid.de\/index.php?rest_route=\/wp\/v2\/pages"}],"about":[{"href":"https:\/\/www.ssv-l\u00fcdenscheid.de\/index.php?rest_route=\/wp\/v2\/types\/page"}],"author":[{"embeddable":true,"href":"https:\/\/www.ssv-l\u00fcdenscheid.de\/index.php?rest_route=\/wp\/v2\/users\/1"}],"replies":[{"embeddable":true,"href":"https:\/\/www.ssv-l\u00fcdenscheid.de\/index.php?rest_route=%2Fwp%2Fv2%2Fcomments&post=1094"}],"version-history":[{"count":21,"href":"https:\/\/www.ssv-l\u00fcdenscheid.de\/index.php?rest_route=\/wp\/v2\/pages\/1094\/revisions"}],"predecessor-version":[{"id":1643,"href":"https:\/\/www.ssv-l\u00fcdenscheid.de\/index.php?rest_route=\/wp\/v2\/pages\/1094\/revisions\/1643"}],"wp:featuredmedia":[{"embeddable":true,"href":"https:\/\/www.ssv-l\u00fcdenscheid.de\/index.php?rest_route=\/wp\/v2\/media\/1085"}],"wp:attachment":[{"href":"https:\/\/www.ssv-l\u00fcdenscheid.de\/index.php?rest_route=%2Fwp%2Fv2%2Fmedia&parent=1094"}],"curies":[{"name":"wp","href":"https:\/\/api.w.org\/{rel}","templated":true}]}}