{"id":1145,"date":"2021-06-22T14:24:33","date_gmt":"2021-06-22T12:24:33","guid":{"rendered":"https:\/\/ssv-l\u00fcdenscheid.de\/?page_id=1145"},"modified":"2026-03-26T15:56:59","modified_gmt":"2026-03-26T14:56:59","slug":"termine-und-infos-zum-sportabzeichen","status":"publish","type":"page","link":"https:\/\/www.ssv-l\u00fcdenscheid.de\/?page_id=1145","title":{"rendered":"Termine und Infos zum Sportabzeichen"},"content":{"rendered":"\t\t<div data-elementor-type=\"wp-page\" data-elementor-id=\"1145\" class=\"elementor elementor-1145\">\n\t\t\t\t\t\t<section class=\"elementor-section elementor-top-section elementor-element elementor-element-61d85a elementor-section-boxed elementor-section-height-default elementor-section-height-default\" data-id=\"61d85a\" data-element_type=\"section\" data-e-type=\"section\">\n\t\t\t\t\t\t<div class=\"elementor-container elementor-column-gap-default\">\n\t\t\t\t\t<div class=\"elementor-column elementor-col-100 elementor-top-column elementor-element elementor-element-5006f21\" data-id=\"5006f21\" data-element_type=\"column\" data-e-type=\"column\">\n\t\t\t<div class=\"elementor-widget-wrap elementor-element-populated\">\n\t\t\t\t\t\t<div class=\"elementor-element elementor-element-19b5fafd elementor-widget elementor-widget-text-editor\" data-id=\"19b5fafd\" data-element_type=\"widget\" data-e-type=\"widget\" data-widget_type=\"text-editor.default\">\n\t\t\t\t<div class=\"elementor-widget-container\">\n\t\t\t\t\t\t\t\t\t<p><em>TRAININGS- UND ABNAHME- TERMINE 2026&#8230;<\/em><\/p>\n<p><!-- \/wp:paragraph --><\/p>\n<p><!-- wp:paragraph --><\/p>\n<p>Der Stadtsportverband bietet allen Sportabzeichen Bewerbern die M\u00f6glichkeit zum Training und zur Abnahme des Deutschen Sportabzeichens an, denn jeder kann das DEUTSCHE SPORTABZEICHEN erwerben, auch wenn er nicht Mitglied eines Turn- und Sportvereins ist.<\/p>\n<p><!-- \/wp:paragraph --><\/p>\n<p><!-- wp:table --><\/p>\n<figure>\n<table>\n<tbody>\n<tr>\n<td>&nbsp;<\/td>\n<td>&nbsp;<\/td>\n<\/tr>\n<\/tbody>\n<\/table>\n<\/figure>\n<p><!-- \/wp:table --><\/p>\n<p><!-- wp:table --><\/p>\n<figure>\n<table>\n<tbody>\n<tr>\n<td>&nbsp;&nbsp;&nbsp;&nbsp;&nbsp;&nbsp;&nbsp;&nbsp;&nbsp;&nbsp;&nbsp;&nbsp;&nbsp;&nbsp;&nbsp;&nbsp;<\/td>\n<td>&nbsp;<\/td>\n<\/tr>\n<tr>\n<td>Leichtathlethik:<\/td>\n<td>Abnahmeleitung:&nbsp; R\u00fcdiger Rump, r-rump@web.de<\/td>\n<\/tr>\n<tr>\n<td>Abnahme:<\/td>\n<td>&nbsp;jeweils donnerstags von 17.00 &#8211; 19.00 Uhr (auch in den Schulferien)<\/td>\n<\/tr>\n<tr>\n<td>&nbsp;<\/td>\n<td>ab 07. Mai bis 24. September 2026 im Stadion Nattenberg<\/td>\n<\/tr>\n<tr>\n<td>&nbsp;<\/td>\n<td>Hinweis: Hochsprung &#8211; Abnahme und Training,&nbsp;nur&nbsp;jeden 1. und 3. Donnerstag im Monat &nbsp;m\u00f6glich!<\/td>\n<\/tr>\n<tr>\n<td>Die Abnahme findet<br>auch in den<br>Sommerferien statt:<\/td>\n<td>Hinweis: Trotz der Schlie\u00dfung des Stadion Nattenberg in den&nbsp;Sommerferien findet die Sportabzeichen Abnahme&nbsp;weiter zu den &nbsp;gewohnten Zeiten statt.<\/td>\n<\/tr>\n<tr>\n<td>:<\/td>\n<td>&nbsp;<\/td>\n<\/tr>\n<tr>\n<td>Schwimmen-Abnahme:<\/td>\n<td>Die Abnahme ist durch die Schwimmmeister in den B\u00e4dern m\u00f6glich!<\/td>\n<\/tr>\n<tr>\n<td>&nbsp;<\/td>\n<td>&nbsp;<\/td>\n<\/tr>\n<tr>\n<td>Radfahren:<\/td>\n<td>Abnahmeleitung: R\u00fcdiger Rump,&nbsp; &nbsp; r-rump@web.de<\/td>\n<\/tr>\n<tr>\n<td>5\/10\/20 km<\/td>\n<td>Samstag den 30.05.2026, 27.06.2026, 25.07.2026, 29.08.2026, 26.09.2026<\/td>\n<td>&nbsp;<\/td>\n<\/tr>\n<tr>\n<td>Radsprint: 200 Meter<\/td>\n<td><span style=\"color: #7a7a7a; font-family: Roboto, sans-serif; font-size: 13px; font-style: normal; font-variant-ligatures: normal; font-variant-caps: normal; font-weight: 400; background-color: #fcfcfc;\">Samstag&nbsp;<\/span><span style=\"font-family: Roboto, sans-serif; font-size: 13px; font-style: normal; font-variant-ligatures: normal; font-variant-caps: normal; font-weight: 400;\">30.05.2026, 27.06.2026, 25.07.2026, 29.08.2026, 26.09.2026<\/span><\/td>\n<td>&nbsp;<\/td>\n<\/tr>\n<tr>\n<td>Walking: &nbsp;7,5 km<\/td>\n<td><span style=\"font-family: Roboto, sans-serif; font-size: 13px; font-style: normal; font-variant-ligatures: normal; font-variant-caps: normal; font-weight: 400;\">Samstag&nbsp;<\/span><span style=\"font-family: Roboto, sans-serif; font-size: 13px; font-style: normal; font-variant-ligatures: normal; font-variant-caps: normal; font-weight: 400;\">30.05.2026, 27.06.2026, 25.07.2026, 29.08.2026, 26.09.2026<\/span><\/td>\n<td>&nbsp;<\/td>\n<\/tr>\n<tr>\n<td>&nbsp;<\/td>\n<td>Treffpunkt: Staudamm Verse<\/td>\n<\/tr>\n<tr>\n<td>5\/10\/20 km Radfahren!<\/td>\n<td>Start:&nbsp;&nbsp;20 km: von 09.00 Uhr<\/td>\n<\/tr>\n<tr>\n<td>7,5 km Walking!<\/td>\n<td>Start:&nbsp;&nbsp;7,5 km Walking: um 10.15 Uhr&nbsp; &nbsp; &nbsp; &nbsp; &nbsp; &nbsp;<\/td>\n<\/tr>\n<tr>\n<td>200 Meter Radsprint!<\/td>\n<td>Start:&nbsp;&nbsp;Sprint alle Altersklassen M\/W 200 Meter (Jugend M\/W ab 8 Jahre)&nbsp; &nbsp; &nbsp; &nbsp; ab 10.20 Uhr<\/td>\n<\/tr>\n<tr>\n<td>&nbsp;<\/td>\n<td>Hinweis: Ohne&nbsp;Schutzhelm keine Starterlaubnis!<\/td>\n<\/tr>\n<tr>\n<td>&nbsp;<\/td>\n<td>&nbsp;<\/td>\n<\/tr>\n<tr>\n<td>\n<p>Sportabzeichen 2025:&nbsp;<\/p>\n<\/td>\n<td>&#8222;Nach&#8220; der Sportabzeichen Verleihung liegen die Urkunden,<br>f\u00fcr das Sportabzeichen 2025, wieder jeden Donnerstag am Nattenberg zur Abholung bereit! Wer seine Urkunde z.B. f\u00fcr eine Bewerbung ben\u00f6tigt,<br>kann sich bei der Beauftragten f\u00fcr das Sportabzeichen R\u00fcdiger Rump,&nbsp; r-rump@web.de&nbsp;melden!<\/td>\n<\/tr>\n<tr>\n<td>&nbsp;<\/td>\n<td>&nbsp;<\/td>\n<\/tr>\n<tr>\n<td>&nbsp;<\/td>\n<td>&nbsp;<\/td>\n<\/tr>\n<tr>\n<td>\n<p>Leistungsnachweise:<\/p>\n<p><\/p>\n<\/td>\n<td>Die Nachweise \u00fcber erbrachte sportliche Leistungen f\u00fcr das laufende Jahr , m\u00fcssen aus organisatorischen Gr\u00fcnden bis sp\u00e4testens zum 30. November des Kalenderjahres bei der Beauftragten f\u00fcr das Sportabzeichen vorliegen!<\/td>\n<\/tr>\n<tr>\n<td>&nbsp;<\/td>\n<td>&nbsp;<\/td>\n<\/tr>\n<tr>\n<td>&nbsp;<\/td>\n<td>&nbsp;<\/td>\n<\/tr>\n<tr>\n<td>Sportabzeichen<br>f\u00fcr Bewerbungen:<\/td>\n<td>Die Sportabzeichen Teilnehmer, die das Sportabzeichen f\u00fcr eine Bewerbung ben\u00f6tigen, sollen sich m\u00f6glichst vorab bei der Beauftragten f\u00fcr das Sportabzeichen R\u00fcdiger Rump, r-rump@web.de melden!<\/td>\n<\/tr>\n<\/tbody>\n<\/table>\n<p><span style=\"font-size: 13px;\">r-rump@web.de<\/span><\/p>\n<\/figure>\n<p><!-- \/wp:table --><\/p>\t\t\t\t\t\t\t\t<\/div>\n\t\t\t\t<\/div>\n\t\t\t\t\t<\/div>\n\t\t<\/div>\n\t\t\t\t\t<\/div>\n\t\t<\/section>\n\t\t\t\t<\/div>\n\t\t","protected":false},"excerpt":{"rendered":"<p>TRAININGS- UND ABNAHME- TERMINE 2026&#8230; Der Stadtsportverband bietet allen Sportabzeichen Bewerbern die M\u00f6glichkeit zum Training und zur Abnahme des Deutschen Sportabzeichens an, denn jeder kann das DEUTSCHE SPORTABZEICHEN erwerben, auch wenn er nicht Mitglied eines Turn- und Sportvereins ist. &nbsp; &nbsp; &nbsp;&nbsp;&nbsp;&nbsp;&nbsp;&nbsp;&nbsp;&nbsp;&nbsp;&nbsp;&nbsp;&nbsp;&nbsp;&nbsp;&nbsp;&nbsp; &nbsp; Leichtathlethik: Abnahmeleitung:&nbsp; R\u00fcdiger Rump, r-rump@web.de Abnahme: &nbsp;jeweils donnerstags von 17.00 &#8211; 19.00 [&hellip;]<\/p>\n","protected":false},"author":2,"featured_media":1634,"parent":0,"menu_order":0,"comment_status":"closed","ping_status":"closed","template":"","meta":{"footnotes":""},"class_list":["post-1145","page","type-page","status-publish","has-post-thumbnail","hentry"],"_links":{"self":[{"href":"https:\/\/www.ssv-l\u00fcdenscheid.de\/index.php?rest_route=\/wp\/v2\/pages\/1145","targetHints":{"allow":["GET"]}}],"collection":[{"href":"https:\/\/www.ssv-l\u00fcdenscheid.de\/index.php?rest_route=\/wp\/v2\/pages"}],"about":[{"href":"https:\/\/www.ssv-l\u00fcdenscheid.de\/index.php?rest_route=\/wp\/v2\/types\/page"}],"author":[{"embeddable":true,"href":"https:\/\/www.ssv-l\u00fcdenscheid.de\/index.php?rest_route=\/wp\/v2\/users\/2"}],"replies":[{"embeddable":true,"href":"https:\/\/www.ssv-l\u00fcdenscheid.de\/index.php?rest_route=%2Fwp%2Fv2%2Fcomments&post=1145"}],"version-history":[{"count":76,"href":"https:\/\/www.ssv-l\u00fcdenscheid.de\/index.php?rest_route=\/wp\/v2\/pages\/1145\/revisions"}],"predecessor-version":[{"id":1863,"href":"https:\/\/www.ssv-l\u00fcdenscheid.de\/index.php?rest_route=\/wp\/v2\/pages\/1145\/revisions\/1863"}],"wp:featuredmedia":[{"embeddable":true,"href":"https:\/\/www.ssv-l\u00fcdenscheid.de\/index.php?rest_route=\/wp\/v2\/media\/1634"}],"wp:attachment":[{"href":"https:\/\/www.ssv-l\u00fcdenscheid.de\/index.php?rest_route=%2Fwp%2Fv2%2Fmedia&parent=1145"}],"curies":[{"name":"wp","href":"https:\/\/api.w.org\/{rel}","templated":true}]}}