{"id":1309,"date":"2022-02-02T11:15:56","date_gmt":"2022-02-02T10:15:56","guid":{"rendered":"https:\/\/ssv-l\u00fcdenscheid.de\/?page_id=1309"},"modified":"2022-02-02T11:15:56","modified_gmt":"2022-02-02T10:15:56","slug":"sportabzeichen-bedingungen","status":"publish","type":"page","link":"https:\/\/www.ssv-l\u00fcdenscheid.de\/?page_id=1309","title":{"rendered":"Sportabzeichen Bedingungen"},"content":{"rendered":"\n<p><em>BEDINGUNGEN F\u00dcR DAS SPORTABZEICHEN AB 2013&#8230;<\/em><\/p>\n\n\n\n<figure class=\"wp-block-table\"><table><tbody><tr><td>\u00a0\u00a0<a href=\"https:\/\/www.deutsches-sportabzeichen.de\/\"> Meine Anforderungen \u201cProfilfinder\u201d<\/a><\/td><td><a href=\"https:\/\/www.deutsches-sportabzeichen.de\/service\/sportabzeichen-erwerben\">Aktuelle Informationen<br>\u00fcber das Sportabzeichen<\/a><\/td><td><a href=\"https:\/\/www.deutsches-sportabzeichen.de\/service\/materialien\/\">Der Deutsche Olympische Sportbund (deutsches-sportabzeichen.de)<\/a><\/td><\/tr><\/tbody><\/table><\/figure>\n\n\n\n<figure class=\"wp-block-table\"><table><tbody><tr><td>&nbsp;<\/td><\/tr><tr><td>Das Deutsche Sportabzeichen ist das erfolgreichste und einzige Auszeichnungssystem au\u00dferhalb des Wettkampfsports, das umfassend die pers\u00f6nliche Fitness \u00fcberpr\u00fcft. Die zu erbringenden Leistungen orientieren sich an den motorischen Grundf\u00e4higkeiten Ausdauer, Kraft, Schnelligkeit und Koordination. Die Leistungen der einzelnen \u00dcbungen sind nach\u00a0 Altersklassen und innerhalb dieser noch einmal nach Leistungen f\u00fcr Bronze, Silber und Gold gestaffelt. In jeder Disziplingruppe muss eine \u00dcbung in der geforderten Bedingung f\u00fcr Bronze, Silber oder Gold erf\u00fcllt werden. Die Bedingungen im einzelnen finden Sie\u00a0<a rel=\"noreferrer noopener\" href=\"https:\/\/www.deutsches-sportabzeichen.de\/service\/materialien\/#akkordeon-17883\" target=\"_blank\">hier<\/a>. Der Nachweis der Schwimmfertigkeit ist notwendige Voraussetzung f\u00fcr den Erwerb. Bei Kindern und Jugendlichen muss die Schwimmfertigkeit ein Mal, bei den Erwachsenen alle f\u00fcnf Jahre nachgewiesen werden. Das Abzeichen mit Ordenscharakter kann an\u00a0<a rel=\"noreferrer noopener\" href=\"https:\/\/cdn.dosb.de\/user_upload\/www.deutsches-sportabzeichen.de\/Materialien\/2021\/DSA_Leistungsuebersicht_Erwachsene_A4_2021.pdf\" target=\"_blank\">Frauen und M\u00e4nner ab 18 Jahren<\/a>\u00a0verliehen werden. F\u00fcr Kinder- und Jugendliche (6-17 Jahre) wird das\u00a0<a rel=\"noreferrer noopener\" href=\"https:\/\/cdn.dosb.de\/user_upload\/www.deutsches-sportabzeichen.de\/Materialien\/2021\/DSA_Leistungsuebersicht_KiJu_A4_2021.pdf\" target=\"_blank\">Deutsche Sportabzeichen \u201eKinder und Jugend\u201d<\/a>\u00a0verliehen.<br>Je nach erbrachter Leistung wird das Sportabzeichen in Bronze, Silber oder Gold verliehen. F\u00fcr Menschen mit Behinderung gibt es das\u00a0<a rel=\"noreferrer noopener\" href=\"https:\/\/www.dbs-npc.de\/deutsches-sportabzeichen.html\" target=\"_blank\">\u201eSportabzeichen f\u00fcr Menschen mit Behinderung\u201d<\/a>\u00a0mit \u00dcbungen, die\u00a0auf die jeweilige Art der Behinderung abgestimmt sind. Einige Leistungsabzeichen (Verbandsabzeichen) k\u00f6nnen als Ersatz f\u00fcr die Disziplingruppe Ausdauer, Kraft oder Koordination anerkannt werden. N\u00e4here Einzelheiten dazu finden Sie\u00a0<a rel=\"noreferrer noopener\" href=\"https:\/\/cdn.dosb.de\/user_upload\/www.deutsches-sportabzeichen.de\/Materialien\/2021\/DSA_Verbandsabzeichen_2021.pdf\" target=\"_blank\">hier<\/a>. Die Bedingungen m\u00fcssen innerhalb eines Kalenderjahres (1.1.-31.12.) absolviert werden. Ausschlaggebend f\u00fcr die zu erf\u00fcllenden Leistungen ist das Alter, das in einem Kalenderjahr erreicht wird. Vor dem Training empfehlen wir eine sport\u00e4rztliche Untersuchung.  Die Nachweise \u00fcber erbrachte sportliche Leistungen f\u00fcr das laufende Jahr, m\u00fcssen aus organisatorischen Gr\u00fcnden bis sp\u00e4testens zum 15. Dezember des Kalenderjahres beim Beauftragten f\u00fcr das Sportabzeichen vorliegen!<\/td><\/tr><\/tbody><\/table><\/figure>\n\n\n\n<p><\/p>\n","protected":false},"excerpt":{"rendered":"<p>BEDINGUNGEN F\u00dcR DAS SPORTABZEICHEN AB 2013&#8230; \u00a0\u00a0 Meine Anforderungen \u201cProfilfinder\u201d Aktuelle Informationen\u00fcber das Sportabzeichen Der Deutsche Olympische Sportbund (deutsches-sportabzeichen.de) &nbsp; Das Deutsche Sportabzeichen ist das erfolgreichste und einzige Auszeichnungssystem au\u00dferhalb des Wettkampfsports, das umfassend die pers\u00f6nliche Fitness \u00fcberpr\u00fcft. Die zu erbringenden Leistungen orientieren sich an den motorischen Grundf\u00e4higkeiten Ausdauer, Kraft, Schnelligkeit und Koordination. Die Leistungen [&hellip;]<\/p>\n","protected":false},"author":2,"featured_media":0,"parent":0,"menu_order":0,"comment_status":"closed","ping_status":"closed","template":"","meta":{"footnotes":""},"class_list":["post-1309","page","type-page","status-publish","hentry"],"_links":{"self":[{"href":"https:\/\/www.ssv-l\u00fcdenscheid.de\/index.php?rest_route=\/wp\/v2\/pages\/1309","targetHints":{"allow":["GET"]}}],"collection":[{"href":"https:\/\/www.ssv-l\u00fcdenscheid.de\/index.php?rest_route=\/wp\/v2\/pages"}],"about":[{"href":"https:\/\/www.ssv-l\u00fcdenscheid.de\/index.php?rest_route=\/wp\/v2\/types\/page"}],"author":[{"embeddable":true,"href":"https:\/\/www.ssv-l\u00fcdenscheid.de\/index.php?rest_route=\/wp\/v2\/users\/2"}],"replies":[{"embeddable":true,"href":"https:\/\/www.ssv-l\u00fcdenscheid.de\/index.php?rest_route=%2Fwp%2Fv2%2Fcomments&post=1309"}],"version-history":[{"count":2,"href":"https:\/\/www.ssv-l\u00fcdenscheid.de\/index.php?rest_route=\/wp\/v2\/pages\/1309\/revisions"}],"predecessor-version":[{"id":1312,"href":"https:\/\/www.ssv-l\u00fcdenscheid.de\/index.php?rest_route=\/wp\/v2\/pages\/1309\/revisions\/1312"}],"wp:attachment":[{"href":"https:\/\/www.ssv-l\u00fcdenscheid.de\/index.php?rest_route=%2Fwp%2Fv2%2Fmedia&parent=1309"}],"curies":[{"name":"wp","href":"https:\/\/api.w.org\/{rel}","templated":true}]}}