{"id":1345,"date":"2022-02-02T13:49:56","date_gmt":"2022-02-02T12:49:56","guid":{"rendered":"https:\/\/ssv-l\u00fcdenscheid.de\/?page_id=1345"},"modified":"2022-02-02T13:49:57","modified_gmt":"2022-02-02T12:49:57","slug":"abnahme-treffpunkte","status":"publish","type":"page","link":"https:\/\/www.ssv-l\u00fcdenscheid.de\/?page_id=1345","title":{"rendered":"Abnahme Treffpunkte"},"content":{"rendered":"\n<p><em><strong>SPORTABZEICHEN \u00a0ABNAHMEN &#8211; TREFFPUNKTE &#8230;<\/strong><\/em><\/p>\n\n\n\n<p>Auf dieser Seit m\u00f6chten wir die Sportabzeichen-Treffpunkte f\u00fcr die Abnahme und das Training einschlie\u00dflich ihrer Umgebung aus der Vogelperspektive vorstellen.<\/p>\n\n\n\n<p>Mit einfachem Mausklick auf die Links, es erfolgt eine Weiterleitung zu Bing-Maps, hier k\u00f6nnen mit der seiteneigenen Navigation Ansichten aus alle Himmelsrichtungen erzeugt werden.<\/p>\n\n\n\n<p>Wir w\u00fcnschen viel Spass bei den Erkundungstouren.<\/p>\n\n\n\n<p><strong><a href=\"http:\/\/www.bing.com\/mapspreview?&amp;cp=sj15fjhn1cdf&amp;lvl=18&amp;dir=270&amp;style=o&amp;v=2&amp;sV=1&amp;form=S00027\" target=\"_blank\" rel=\"noreferrer noopener\">Stadion Nattenberg<\/a><\/strong><br>Treffpunkt Training und Abnahme &#8211; Leichtathletik<\/p>\n\n\n\n<p><strong><a href=\"http:\/\/www.bing.com\/mapspreview?&amp;cp=shyv4phn6jps&amp;lvl=18&amp;dir=180&amp;style=o&amp;v=2&amp;sV=1&amp;form=S00027\" target=\"_blank\" rel=\"noreferrer noopener\">Staudamm-Versetalsperre<\/a><\/strong><br>Treffpunkt Training und Abnahme &#8211; Radfahren und Inlineskaten und Nordic Walking<\/p>\n\n\n\n<p><strong>Achtung!<\/strong><br>Da hier mit sehr gro\u00dfen Datenmengen gearbeitet wird, kann es je nach Konfiguration des verwendeten Systems zu nicht unerheblichen Wartezeiten beim Bildaufbau kommen.<\/p>\n","protected":false},"excerpt":{"rendered":"<p>SPORTABZEICHEN \u00a0ABNAHMEN &#8211; TREFFPUNKTE &#8230; Auf dieser Seit m\u00f6chten wir die Sportabzeichen-Treffpunkte f\u00fcr die Abnahme und das Training einschlie\u00dflich ihrer Umgebung aus der Vogelperspektive vorstellen. Mit einfachem Mausklick auf die Links, es erfolgt eine Weiterleitung zu Bing-Maps, hier k\u00f6nnen mit der seiteneigenen Navigation Ansichten aus alle Himmelsrichtungen erzeugt werden. Wir w\u00fcnschen viel Spass bei den [&hellip;]<\/p>\n","protected":false},"author":2,"featured_media":0,"parent":0,"menu_order":0,"comment_status":"closed","ping_status":"closed","template":"","meta":{"footnotes":""},"class_list":["post-1345","page","type-page","status-publish","hentry"],"_links":{"self":[{"href":"https:\/\/www.ssv-l\u00fcdenscheid.de\/index.php?rest_route=\/wp\/v2\/pages\/1345","targetHints":{"allow":["GET"]}}],"collection":[{"href":"https:\/\/www.ssv-l\u00fcdenscheid.de\/index.php?rest_route=\/wp\/v2\/pages"}],"about":[{"href":"https:\/\/www.ssv-l\u00fcdenscheid.de\/index.php?rest_route=\/wp\/v2\/types\/page"}],"author":[{"embeddable":true,"href":"https:\/\/www.ssv-l\u00fcdenscheid.de\/index.php?rest_route=\/wp\/v2\/users\/2"}],"replies":[{"embeddable":true,"href":"https:\/\/www.ssv-l\u00fcdenscheid.de\/index.php?rest_route=%2Fwp%2Fv2%2Fcomments&post=1345"}],"version-history":[{"count":1,"href":"https:\/\/www.ssv-l\u00fcdenscheid.de\/index.php?rest_route=\/wp\/v2\/pages\/1345\/revisions"}],"predecessor-version":[{"id":1347,"href":"https:\/\/www.ssv-l\u00fcdenscheid.de\/index.php?rest_route=\/wp\/v2\/pages\/1345\/revisions\/1347"}],"wp:attachment":[{"href":"https:\/\/www.ssv-l\u00fcdenscheid.de\/index.php?rest_route=%2Fwp%2Fv2%2Fmedia&parent=1345"}],"curies":[{"name":"wp","href":"https:\/\/api.w.org\/{rel}","templated":true}]}}