{"id":1407,"date":"2022-02-02T15:09:10","date_gmt":"2022-02-02T14:09:10","guid":{"rendered":"https:\/\/ssv-l\u00fcdenscheid.de\/?page_id=1407"},"modified":"2023-09-20T11:42:16","modified_gmt":"2023-09-20T09:42:16","slug":"antrag-auf-kostenuebernahme","status":"publish","type":"page","link":"https:\/\/www.ssv-l\u00fcdenscheid.de\/?page_id=1407","title":{"rendered":"Antrag auf Kosten\u00fcbernahme"},"content":{"rendered":"\n<p><\/p>\n\n\n\n<p><strong>Hier geht es zum Antragsformular \u2014 <a href=\"https:\/\/www.ssv-l\u00fcdenscheid.de\/wp-content\/uploads\/2023\/09\/antrag-auf-kostenuebernahme2.pdf\">Download als PDF-Formular<\/a> \u2014<\/strong><\/p>\n\n\n\n<p><\/p>\n\n\n\n<p>Mit dem Link zum PDF-Formular wird die Datei ge\u00f6ffnet!<br>Nach dem \u00f6ffnen die Datei auf dem eigenen System im Browser unter \u201cDokument speichern\u201d speichern!<br>Dann mit Acrobat-Reader oder einem anderen PDF-Programm \u00f6ffnen, einfach die markierten Formularfelder ausf\u00fcllen, speichern und\/oder ausdrucken und an den Stadtsportverband senden!<\/p>\n\n\n\n<p>Information zur \u00dcbernahme von Kosten zur Mitgliedschaft in Sportvereinen sowie Gew\u00e4hrung von Zusch\u00fcssen zur Ausstattung.<\/p>\n\n\n\n<p>Dem Stadtsportverband L\u00fcdenscheid e. V. sind \u00fcber eine Spende Mittel zur Verf\u00fcgung gestellt worden, damit Kindern und Jugendlichen eine Mitgliedschaft in Sportvereinen erm\u00f6glicht werden kann.<br>Hierzu z\u00e4hlt auch die Gew\u00e4hrung eines Zuschusses zur Ausstattung.<\/p>\n\n\n\n<p>Die Antragstellung durch den jeweiligen Sportverein an den Stadtsportverband L\u00fcdenscheid e. V. soll nach einer niederschwelligen Einsch\u00e4tzung der Bed\u00fcrftigkeit des Kindes\/Jugendlichen\/jungen Erwachsenen erfolgen.<\/p>\n\n\n\n<p>Diese ist nicht an Einkommensgrenzen bzw. einen m\u00f6glichen Leistungsbezugs der Erziehungsberechtigten oder des jungen Erwachsenen gekoppelt, sondern soll nach objektiver Einsch\u00e4tzung der Verantwortlichen in den jeweiligen Vereinen erfolgen.<br>Jedoch sind Mittel des Bildungs- und Teilhabepaketes f\u00fcr die Mitgliedschaft in einem Sportverein \u2013 soweit bekannt \u2013 vorrangig einzusetzen.<\/p>\n\n\n\n<p>Es besteht die M\u00f6glichkeit, entweder die Kosten\u00fcbernahme f\u00fcr die Mitgliedschaft in einem Sportverein oder einen Zuschuss zur Sportausstattung in H\u00f6he von max. 50 \u20ac zu beantragen.<\/p>\n\n\n\n<p>Hierbei handelt es sich zun\u00e4chst um eine zeitlich begrenzte Ma\u00dfnahme f\u00fcr das Jahr 2019, die vor einer m\u00f6glichen Fortsetzung evaluiert werden soll.<\/p>\n\n\n\n<p>F\u00fcr die Antragsstellung benutzen Sie bitte das Formular aus dem Download.<br>Die Antr\u00e4ge sind zu richten an:<br>Stadtsportverband L\u00fcdenscheid e.V.<br>Holger Schumacher,<br>Am Sch\u00e4ferland 35<br>58515 L\u00fcdenscheid<\/p>\n\n\n\n<p>oder die ausgef\u00fcllten Formulare per E-Mail an:<br><a href=\"mailto:holger.schumacher@stadtsportverbandluedenscheid.de\">holger.schumacher@stadtsportverbandluedenscheid.de<\/a><\/p>\n\n\n\n<p>F\u00fcr R\u00fcckfragen stehen beim Stadtsportverband L\u00fcdenscheid e. V. folgende Ansprechpartner zur Verf\u00fcgung:<\/p>\n\n\n\n<p>Holger Schumacher 0151 54 07 43 82 und Michael Meyer 0170 8 13 22 68<\/p>\n","protected":false},"excerpt":{"rendered":"<p>Hier geht es zum Antragsformular \u2014 Download als PDF-Formular \u2014 Mit dem Link zum PDF-Formular wird die Datei ge\u00f6ffnet!Nach dem \u00f6ffnen die Datei auf dem eigenen System im Browser unter \u201cDokument speichern\u201d speichern!Dann mit Acrobat-Reader oder einem anderen PDF-Programm \u00f6ffnen, einfach die markierten Formularfelder ausf\u00fcllen, speichern und\/oder ausdrucken und an den Stadtsportverband senden! Information zur [&hellip;]<\/p>\n","protected":false},"author":2,"featured_media":0,"parent":0,"menu_order":0,"comment_status":"closed","ping_status":"closed","template":"","meta":{"footnotes":""},"class_list":["post-1407","page","type-page","status-publish","hentry"],"_links":{"self":[{"href":"https:\/\/www.ssv-l\u00fcdenscheid.de\/index.php?rest_route=\/wp\/v2\/pages\/1407","targetHints":{"allow":["GET"]}}],"collection":[{"href":"https:\/\/www.ssv-l\u00fcdenscheid.de\/index.php?rest_route=\/wp\/v2\/pages"}],"about":[{"href":"https:\/\/www.ssv-l\u00fcdenscheid.de\/index.php?rest_route=\/wp\/v2\/types\/page"}],"author":[{"embeddable":true,"href":"https:\/\/www.ssv-l\u00fcdenscheid.de\/index.php?rest_route=\/wp\/v2\/users\/2"}],"replies":[{"embeddable":true,"href":"https:\/\/www.ssv-l\u00fcdenscheid.de\/index.php?rest_route=%2Fwp%2Fv2%2Fcomments&post=1407"}],"version-history":[{"count":4,"href":"https:\/\/www.ssv-l\u00fcdenscheid.de\/index.php?rest_route=\/wp\/v2\/pages\/1407\/revisions"}],"predecessor-version":[{"id":1690,"href":"https:\/\/www.ssv-l\u00fcdenscheid.de\/index.php?rest_route=\/wp\/v2\/pages\/1407\/revisions\/1690"}],"wp:attachment":[{"href":"https:\/\/www.ssv-l\u00fcdenscheid.de\/index.php?rest_route=%2Fwp%2Fv2%2Fmedia&parent=1407"}],"curies":[{"name":"wp","href":"https:\/\/api.w.org\/{rel}","templated":true}]}}