{"id":1520,"date":"2022-05-09T07:43:40","date_gmt":"2022-05-09T05:43:40","guid":{"rendered":"https:\/\/ssv-l\u00fcdenscheid.de\/?page_id=1520"},"modified":"2023-04-01T10:28:48","modified_gmt":"2023-04-01T08:28:48","slug":"sport-im-park","status":"publish","type":"page","link":"https:\/\/www.ssv-l\u00fcdenscheid.de\/?page_id=1520","title":{"rendered":"Sport im Park"},"content":{"rendered":"\t\t<div data-elementor-type=\"wp-page\" data-elementor-id=\"1520\" class=\"elementor elementor-1520\">\n\t\t\t\t\t\t<section class=\"elementor-section elementor-top-section elementor-element elementor-element-5318eaf9 elementor-section-boxed elementor-section-height-default elementor-section-height-default\" data-id=\"5318eaf9\" data-element_type=\"section\" data-e-type=\"section\">\n\t\t\t\t\t\t<div class=\"elementor-container elementor-column-gap-default\">\n\t\t\t\t\t<div class=\"elementor-column elementor-col-100 elementor-top-column elementor-element elementor-element-1fa2161d\" data-id=\"1fa2161d\" data-element_type=\"column\" data-e-type=\"column\">\n\t\t\t<div class=\"elementor-widget-wrap elementor-element-populated\">\n\t\t\t\t\t\t<div class=\"elementor-element elementor-element-9e696e0 elementor-widget elementor-widget-text-editor\" data-id=\"9e696e0\" data-element_type=\"widget\" data-e-type=\"widget\" data-widget_type=\"text-editor.default\">\n\t\t\t\t<div class=\"elementor-widget-container\">\n\t\t\t\t\t\t\t\t\t<p><\/p>\n<p>31.03.2023 Sport Im Park<\/p>\n<p>Sport im Park wird im Jahr 2023 nicht in L\u00fcdenscheid statt finden.&nbsp;<\/p>\n<p>Die Resonanz der Vereine war zu gering.<\/p><p><br><\/p><p><\/p><p>Sport im Park<\/p>\n<p><\/p>\n<p><\/p>\n<p><\/p>\n<p><\/p>\n<p><strong>L\u00fcdenscheid vom 11.06. &#8211; 09.07.2022<\/strong><\/p>\n<p><\/p>\n<p><\/p>\n<p>vom 11.06.2022 bis zum 09.07.2022 finden in L\u00fcdenscheid an verschiedenen Standorten die Aktionen Sport im Park statt.<\/p>\n<p><\/p>\n<p><\/p>\n<p>Infos folgen.<\/p>\n<p><\/p>\n<p><\/p>\n<p>Die Veranstaltungen werden Am Honsel, Im Nattenberg Stadion und im Rosengarten statt finden.<\/p>\n<p><\/p>\n<p><\/p>\n<h1 class=\"wp-block-heading\" id=\"cc-m-header-16123216524\">SPORT IM PARK &#8211; F\u00d6RDERPROJEKT DES LSB NRW<\/h1>\n<p><\/p>\n<p><\/p>\n<p>Das Projekt &#8222;Sport im Park&#8220; bietet unverbindliche und kostenfreie Bewegungsangebote in \u00f6ffentlichen Gr\u00fcnanlagen oder an anderen \u00f6ffentlichen Orten. Mitmachen k\u00f6nnen alle, die Lust dazu haben. Eine Anmeldung oder Vereinsmitgliedschaft ist nicht erforderlich.<\/p>\n<p>Erste Anbieter waren einige Gro\u00dfst\u00e4dte wie Stuttgart, M\u00fcnchen oder D\u00fcsseldorf, die jedoch auch mit kommerziellen Anbietern zusammengearbeitet haben. Die gemeinwohlorientierten Sportvereine waren dabei zum Teil au\u00dfen vor. Der Erfolg dieser Aktionen hat den Landessportbund NRW dazu angeregt, eine F\u00f6rderung f\u00fcr die Installierung solcher \u201eumsonst und drau\u00dfen\u201c-Aktionen aufzulegen.<\/p>\n<p><\/p>\n<p><\/p>\n<ul class=\"wp-block-list\">\n<li>Mit der Gewinnung der AOK als offizieller Gesundheitspartner besteht f\u00fcr alle Stadt- und Kreissportb\u00fcnde des LSB NRW die M\u00f6glichkeit,&nbsp;<strong>F\u00f6rdergelder von bis zu 3.000,00 \u20ac pro Jahr f\u00fcr die Umsetzung der<\/strong>&nbsp;<strong>Sport- und Bewegungsangebote sowie einen Zuschlag zur Einhaltung der Corona-Richtlinien von bis zu 1.000,00 \u20ac zu beantragen.<\/strong><\/li>\n<li>Ziel des Projektes ist es, dass Sportvereine in die Lage versetzt werden, diesen Trend f\u00fcr sich zu nutzen und ihre Sportangebote bei der lokalen Bev\u00f6lkerung bekannt zu machen.<\/li>\n<\/ul>\n<p><\/p>\n<p><\/p>\n<h3 class=\"wp-block-heading\">Erfolgsgeschichte &#8222;Sport im Park&#8220;<\/h3>\n<p><\/p>\n<p><\/p>\n<p>Beim Start 2016 wurden sieben B\u00fcnde f\u00fcr sieben Ma\u00dfnahmen gef\u00f6rdert. Der Erfolg dieser \u201ePilot\u201c-Veranstaltungen f\u00fchrte dazu, dass 2017 bereits 16 B\u00fcnde f\u00fcr 16 Ma\u00dfnahmen Antr\u00e4ge gestellt haben. 2018 waren es dann sogar 26 Stadt- und Kreissportb\u00fcnde, die in insgesamt 33 Gemeinden \u201eSport im Park\u201c angeboten haben. Das Interesse sowie die Vielfalt der Angebote von \u201eSport im Park\u201c haben auch in den darauffolgenden Jahren zugenommen &#8211; und die Tendenz ist steigend. \u00dcber die Jahre sind neue Partner hinzugekommen, aber auch viele B\u00fcnde aus den letzten Jahren wieder mit dabei. Vielerorts ist eine Verstetigung der Angebote geplant. (KSB-MK)<\/p>\n<p><\/p>\t\t\t\t\t\t\t\t<\/div>\n\t\t\t\t<\/div>\n\t\t\t\t\t<\/div>\n\t\t<\/div>\n\t\t\t\t\t<\/div>\n\t\t<\/section>\n\t\t\t\t<\/div>\n\t\t","protected":false},"excerpt":{"rendered":"<p>31.03.2023 Sport Im Park Sport im Park wird im Jahr 2023 nicht in L\u00fcdenscheid statt finden.&nbsp; Die Resonanz der Vereine war zu gering. Sport im Park L\u00fcdenscheid vom 11.06. &#8211; 09.07.2022 vom 11.06.2022 bis zum 09.07.2022 finden in L\u00fcdenscheid an verschiedenen Standorten die Aktionen Sport im Park statt. Infos folgen. Die Veranstaltungen werden Am Honsel, [&hellip;]<\/p>\n","protected":false},"author":2,"featured_media":0,"parent":0,"menu_order":0,"comment_status":"closed","ping_status":"closed","template":"","meta":{"footnotes":""},"class_list":["post-1520","page","type-page","status-publish","hentry"],"_links":{"self":[{"href":"https:\/\/www.ssv-l\u00fcdenscheid.de\/index.php?rest_route=\/wp\/v2\/pages\/1520","targetHints":{"allow":["GET"]}}],"collection":[{"href":"https:\/\/www.ssv-l\u00fcdenscheid.de\/index.php?rest_route=\/wp\/v2\/pages"}],"about":[{"href":"https:\/\/www.ssv-l\u00fcdenscheid.de\/index.php?rest_route=\/wp\/v2\/types\/page"}],"author":[{"embeddable":true,"href":"https:\/\/www.ssv-l\u00fcdenscheid.de\/index.php?rest_route=\/wp\/v2\/users\/2"}],"replies":[{"embeddable":true,"href":"https:\/\/www.ssv-l\u00fcdenscheid.de\/index.php?rest_route=%2Fwp%2Fv2%2Fcomments&post=1520"}],"version-history":[{"count":9,"href":"https:\/\/www.ssv-l\u00fcdenscheid.de\/index.php?rest_route=\/wp\/v2\/pages\/1520\/revisions"}],"predecessor-version":[{"id":1654,"href":"https:\/\/www.ssv-l\u00fcdenscheid.de\/index.php?rest_route=\/wp\/v2\/pages\/1520\/revisions\/1654"}],"wp:attachment":[{"href":"https:\/\/www.ssv-l\u00fcdenscheid.de\/index.php?rest_route=%2Fwp%2Fv2%2Fmedia&parent=1520"}],"curies":[{"name":"wp","href":"https:\/\/api.w.org\/{rel}","templated":true}]}}