{"id":509,"date":"2016-05-11T13:48:28","date_gmt":"2016-05-11T13:48:28","guid":{"rendered":"http:\/\/wpoffice\/enfold-fitness\/?page_id=509"},"modified":"2026-02-16T11:22:26","modified_gmt":"2026-02-16T10:22:26","slug":"classes","status":"publish","type":"page","link":"https:\/\/www.ssv-l\u00fcdenscheid.de\/?page_id=509","title":{"rendered":"Sponsoren"},"content":{"rendered":"<div id='full_slider_1'  class='avia-fullwidth-slider main_color avia-shadow   avia-builder-el-0  el_before_av_section  avia-builder-el-first   container_wrap sidebar_right'  >\n<style type=\"text\/css\" data-created_by=\"avia_inline_auto\" id=\"style-css-av-kq0w4jm8-18a76b331e09882069e69f2b1ea647c2\">\n#top #wrap_all .avia-slideshow .av-slideshow-caption.av-kq0w4jm8-18a76b331e09882069e69f2b1ea647c2__0 .avia-caption-title{\nfont-size:70px;\n}\n#top .avia-slideshow .av-slideshow-caption.av-kq0w4jm8-18a76b331e09882069e69f2b1ea647c2__0 .avia-caption-content{\nfont-size:38px;\n}\n#top .avia-slideshow .av-slideshow-caption.av-kq0w4jm8-18a76b331e09882069e69f2b1ea647c2__0 .avia-caption-content p{\nfont-size:38px;\n}\n<\/style>\n<div  class='avia-slideshow av-kq0w4jm8-18a76b331e09882069e69f2b1ea647c2 avia-slideshow-featured av_slideshow_full avia-slide_up-slider av-slideshow-ui av-control-minimal av-slideshow-manual av-loop-once av-loop-manual-endless av-default-height-applied   avia-slideshow-1' data-slideshow-options=\"{&quot;animation&quot;:&quot;slide_up&quot;,&quot;autoplay&quot;:false,&quot;loop_autoplay&quot;:&quot;once&quot;,&quot;interval&quot;:6,&quot;loop_manual&quot;:&quot;manual-endless&quot;,&quot;autoplay_stopper&quot;:false,&quot;noNavigation&quot;:false,&quot;bg_slider&quot;:false,&quot;keep_padding&quot;:false,&quot;hoverpause&quot;:false,&quot;show_slide_delay&quot;:0}\"  itemprop=\"image\" itemscope=\"itemscope\" itemtype=\"https:\/\/schema.org\/ImageObject\" ><ul class='avia-slideshow-inner ' style='padding-bottom: 28.666666666667%;'><li  class='avia-slideshow-slide av-kq0w4jm8-18a76b331e09882069e69f2b1ea647c2__0  av-single-slide slide-1 slide-odd'><div data-rel='slideshow-1' class='avia-slide-wrap '   ><img fetchpriority=\"high\" fetchpriority=\"high\" decoding=\"async\" fetchpriority=\"high\" class=\"wp-image-1082 avia-img-lazy-loading-not-1082\"  src=\"https:\/\/www.ssv-l\u00fcdenscheid.de\/wp-content\/uploads\/2021\/06\/hintergrund_sponsoren-1500x430.png\" width=\"1500\" height=\"430\" title='hintergrund_sponsoren' alt=''  itemprop=\"thumbnailUrl\"   \/><div class='av-section-color-overlay' style='opacity: 0.3; background-color: #0a0a0a; '><\/div><\/div><\/li><\/ul><\/div><\/div>\n<div id='av_section_1'  class='avia-section av-1elg5h-440f171c3ab2f953a78015326e4dd7bc main_color avia-section-small avia-no-border-styling  avia-builder-el-1  el_after_av_slideshow_full  avia-builder-el-last  avia-bg-style-fixed container_wrap sidebar_right'  ><div class='container av-section-cont-open' ><div class='template-page content  av-content-small alpha units'><div class='post-entry post-entry-type-page post-entry-509'><div class='entry-content-wrapper clearfix'>\n\n<style type=\"text\/css\" data-created_by=\"avia_inline_auto\" id=\"style-css-av-kq0v7bmp-d7e6f62feb943c18d6d57f5c29e05dfe\">\n#top .av-special-heading.av-kq0v7bmp-d7e6f62feb943c18d6d57f5c29e05dfe{\npadding-bottom:10px;\n}\nbody .av-special-heading.av-kq0v7bmp-d7e6f62feb943c18d6d57f5c29e05dfe .av-special-heading-tag .heading-char{\nfont-size:25px;\n}\n.av-special-heading.av-kq0v7bmp-d7e6f62feb943c18d6d57f5c29e05dfe .av-subheading{\nfont-size:15px;\n}\n<\/style>\n<div  class='av-special-heading av-kq0v7bmp-d7e6f62feb943c18d6d57f5c29e05dfe av-special-heading-h1 custom-color-heading  avia-builder-el-2  el_before_av_textblock  avia-builder-el-first '><h1 class='av-special-heading-tag '  itemprop=\"headline\"  >Unsere Sponsoren<\/h1><div class=\"special-heading-border\"><div class=\"special-heading-inner-border\"><\/div><\/div><\/div>\n<section  class='av_textblock_section av-xxhdx-ce3348a265a5440023bc407156fac5d8 '   itemscope=\"itemscope\" itemtype=\"https:\/\/schema.org\/CreativeWork\" ><div class='avia_textblock'  itemprop=\"text\" ><p class=\"Text_Tabelle\" align=\"justify\">Die folgenden Sponsoren bezuschussen die Stadtmeisterschaften,<br \/>\nden Schulsportvergleichs-Wettkampf sowie\u00a0die Abnahme der Sportabzeichen.<\/p>\n<\/div><\/section>\n\n<style type=\"text\/css\" data-created_by=\"avia_inline_auto\" id=\"style-css-av-327qct-5ce4a0f2abc848a95bf707d36ebb74a2\">\n.flex_column.av-327qct-5ce4a0f2abc848a95bf707d36ebb74a2{\nborder-radius:0px 0px 0px 0px;\npadding:0px 0px 0px 0px;\n}\n<\/style>\n<div  class='flex_column av-327qct-5ce4a0f2abc848a95bf707d36ebb74a2 av_one_third  avia-builder-el-4  el_after_av_textblock  el_before_av_two_third  first flex_column_div av-zero-column-padding  column-top-margin'     ><div  class='avia-logo-element-container av-kpz605wh-8525e10f245000620a697fc76db6e75c av-border-deactivate avia-logo-grid avia-content-slider avia-smallarrow-slider avia-content-grid-active noHover avia-content-slider-odd  avia-builder-el-5  avia-builder-el-no-sibling  avia-content-slider1' ><div class='avia-smallarrow-slider-heading  no-logo-slider-heading '><div class='new-special-heading'>&nbsp;<\/div><\/div><div class=\"avia-content-slider-inner\"><div class=\"slide-entry-wrap\"><div  class='slide-entry av-kpz64yvt-2fa28724633a0b9ef94a58ec49ad0ac5 flex_column no_margin av_fullwidth real-thumbnail post-entry slide-entry-overview slide-loop-1 slide-parity-odd post-entry-last first'><a href=\"https:\/\/www.strack.de\/\" data-rel='slide-1' class='slide-image' title=''  target=\"_blank\"  rel=\"noopener noreferrer\"><span class='av-partner-fake-img' style='padding-bottom:32.441584828987%; background-image:url(https:\/\/www.ssv-l\u00fcdenscheid.de\/wp-content\/uploads\/2021\/06\/logo_strack.png);'><\/span><\/a><\/div><\/div><\/div><\/div><\/div>\n<style type=\"text\/css\" data-created_by=\"avia_inline_auto\" id=\"style-css-av-2y94v9-17292d53438e74b2239c0e604a3aa164\">\n.flex_column.av-2y94v9-17292d53438e74b2239c0e604a3aa164{\nborder-radius:0px 0px 0px 0px;\npadding:0px 0px 0px 0px;\n}\n<\/style>\n<div  class='flex_column av-2y94v9-17292d53438e74b2239c0e604a3aa164 av_two_third  avia-builder-el-6  el_after_av_one_third  el_before_av_one_third  flex_column_div av-animated-generic fade-in av-zero-column-padding  column-top-margin'     ><section  class='av_textblock_section av-kpz6dlcj-affaa4d1a7a118ff60dcbc9344140f89 '   itemscope=\"itemscope\" itemtype=\"https:\/\/schema.org\/CreativeWork\" ><div class='avia_textblock'  itemprop=\"text\" ><p><strong>STRACK NORMA GmbH &#038; Co. KG.<\/strong><br \/>\nK\u00f6nigsberger Stra\u00dfe 11<br \/>\n58511 L\u00fcdenscheid<\/p>\n<\/div><\/section><\/div>\n<style type=\"text\/css\" data-created_by=\"avia_inline_auto\" id=\"style-css-av-2qcnct-f34d8bd537ed2df4741be42231e8ec05\">\n.flex_column.av-2qcnct-f34d8bd537ed2df4741be42231e8ec05{\nborder-radius:0px 0px 0px 0px;\npadding:0px 0px 0px 0px;\n}\n<\/style>\n<div  class='flex_column av-2qcnct-f34d8bd537ed2df4741be42231e8ec05 av_one_third  avia-builder-el-8  el_after_av_two_third  el_before_av_two_third  first flex_column_div av-zero-column-padding  column-top-margin'     ><div  class='avia-logo-element-container av-9hnrx-a3ae1c19124aa449801c2854e74c1eb1 av-border-deactivate avia-logo-grid avia-content-slider avia-smallarrow-slider avia-content-grid-active noHover avia-content-slider-odd  avia-builder-el-9  avia-builder-el-no-sibling  avia-content-slider2' ><div class='avia-smallarrow-slider-heading  no-logo-slider-heading '><div class='new-special-heading'>&nbsp;<\/div><\/div><div class=\"avia-content-slider-inner\"><div class=\"slide-entry-wrap\"><div  class='slide-entry av-2gzaal-1d1e2224361cdcefd4939e2ae07e5783 flex_column no_margin av_fullwidth real-thumbnail post-entry slide-entry-overview slide-loop-1 slide-parity-odd post-entry-last first'><span class='av-partner-fake-img' style='padding-bottom:48.95771292436%; background-image:url(https:\/\/www.ssv-l\u00fcdenscheid.de\/wp-content\/uploads\/2022\/08\/logo_stadtwerke_neu.png);'><\/span><\/div><\/div><\/div><\/div><\/div>\n<style type=\"text\/css\" data-created_by=\"avia_inline_auto\" id=\"style-css-av-7y8el-e536dc0549efe3c97c072c45ac9226ae\">\n.flex_column.av-7y8el-e536dc0549efe3c97c072c45ac9226ae{\nborder-radius:0px 0px 0px 0px;\npadding:0px 0px 0px 0px;\n}\n<\/style>\n<div  class='flex_column av-7y8el-e536dc0549efe3c97c072c45ac9226ae av_two_third  avia-builder-el-10  el_after_av_one_third  el_before_av_one_third  flex_column_div av-zero-column-padding  column-top-margin'     ><section  class='av_textblock_section av-22nvid-91e341228592277dc9a1701dc0d54849 '   itemscope=\"itemscope\" itemtype=\"https:\/\/schema.org\/CreativeWork\" ><div class='avia_textblock'  itemprop=\"text\" ><p><strong>Stadtwerke L\u00fcdenscheid GmbH<\/strong><br \/>\nLennestra\u00dfe 2<br \/>\n58507 L\u00fcdenscheid<\/p>\n<\/div><\/section><\/div>\n<style type=\"text\/css\" data-created_by=\"avia_inline_auto\" id=\"style-css-av-1yebqd-a07a3391d841db70d6eb2e2b30506822\">\n.flex_column.av-1yebqd-a07a3391d841db70d6eb2e2b30506822{\nborder-radius:0px 0px 0px 0px;\npadding:0px 0px 0px 0px;\n}\n<\/style>\n<div  class='flex_column av-1yebqd-a07a3391d841db70d6eb2e2b30506822 av_one_third  avia-builder-el-12  el_after_av_two_third  el_before_av_two_third  first flex_column_div av-zero-column-padding  column-top-margin'     ><div  class='avia-logo-element-container av-1q9qjx-c8818ebdb3b8820117b672a60a6c64ca av-border-deactivate avia-logo-grid avia-content-slider avia-smallarrow-slider avia-content-grid-active noHover avia-content-slider-odd  avia-builder-el-13  avia-builder-el-no-sibling  avia-content-slider3' ><div class='avia-smallarrow-slider-heading  no-logo-slider-heading '><div class='new-special-heading'>&nbsp;<\/div><\/div><div class=\"avia-content-slider-inner\"><div class=\"slide-entry-wrap\"><div  class='slide-entry av-1jhptx-74db6326f5e3964689044efb73e75c9e flex_column no_margin av_fullwidth real-thumbnail post-entry slide-entry-overview slide-loop-1 slide-parity-odd post-entry-last first'><span class='av-partner-fake-img' style='padding-bottom:27%; background-image:url(https:\/\/www.ssv-l\u00fcdenscheid.de\/wp-content\/uploads\/2023\/02\/logo_spk-400x1081-1.png);'><\/span><\/div><\/div><\/div><\/div><\/div>\n<style type=\"text\/css\" data-created_by=\"avia_inline_auto\" id=\"style-css-av-1fm21x-ed963e8a9e62fc7b000b1d9893d228c3\">\n.flex_column.av-1fm21x-ed963e8a9e62fc7b000b1d9893d228c3{\nborder-radius:0px 0px 0px 0px;\npadding:0px 0px 0px 0px;\n}\n<\/style>\n<div  class='flex_column av-1fm21x-ed963e8a9e62fc7b000b1d9893d228c3 av_two_third  avia-builder-el-14  el_after_av_one_third  el_before_av_textblock  flex_column_div av-zero-column-padding  column-top-margin'     ><section  class='av_textblock_section av-1b6wvx-939e5f0d51950d413dbb4659b16496c8 '   itemscope=\"itemscope\" itemtype=\"https:\/\/schema.org\/CreativeWork\" ><div class='avia_textblock'  itemprop=\"text\" ><p><strong>Sparkasse an Volme und Ruhr<\/strong><br \/>\nAnstalt des \u00f6ffentlichen Rechts<br \/>\nSparkassen-Karree 1<br \/>\n58095 Hagen<\/p>\n<\/div><\/section><\/div><section  class='av_textblock_section av-kpz7gapt-5d04bfe42728f3a4b1a87a0f95cff363 '   itemscope=\"itemscope\" itemtype=\"https:\/\/schema.org\/CreativeWork\" ><div class='avia_textblock'  itemprop=\"text\" ><p class=\"Text_Tabelle_Fett\" align=\"justify\">Der Stadtsportverband bedankt sich bei den vorgenannten Sponsoren im Namen aller Vereine, den L\u00fcdenscheider Schulen und der Sportabzeichenabsolventen f\u00fcr die Unterst\u00fctzung seiner Arbeit!<\/p>\n<\/div><\/section>\n<\/div><\/div><\/div><!-- close content main div --><\/div><\/div><div id='after_section_1'  class='main_color av_default_container_wrap container_wrap sidebar_right'  ><div class='container av-section-cont-open' ><div class='template-page content  av-content-small alpha units'><div class='post-entry post-entry-type-page post-entry-509'><div class='entry-content-wrapper clearfix'>\n","protected":false},"excerpt":{"rendered":"","protected":false},"author":1,"featured_media":1082,"parent":0,"menu_order":0,"comment_status":"closed","ping_status":"closed","template":"","meta":{"footnotes":""},"class_list":["post-509","page","type-page","status-publish","has-post-thumbnail","hentry"],"_links":{"self":[{"href":"https:\/\/www.ssv-l\u00fcdenscheid.de\/index.php?rest_route=\/wp\/v2\/pages\/509","targetHints":{"allow":["GET"]}}],"collection":[{"href":"https:\/\/www.ssv-l\u00fcdenscheid.de\/index.php?rest_route=\/wp\/v2\/pages"}],"about":[{"href":"https:\/\/www.ssv-l\u00fcdenscheid.de\/index.php?rest_route=\/wp\/v2\/types\/page"}],"author":[{"embeddable":true,"href":"https:\/\/www.ssv-l\u00fcdenscheid.de\/index.php?rest_route=\/wp\/v2\/users\/1"}],"replies":[{"embeddable":true,"href":"https:\/\/www.ssv-l\u00fcdenscheid.de\/index.php?rest_route=%2Fwp%2Fv2%2Fcomments&post=509"}],"version-history":[{"count":58,"href":"https:\/\/www.ssv-l\u00fcdenscheid.de\/index.php?rest_route=\/wp\/v2\/pages\/509\/revisions"}],"predecessor-version":[{"id":1853,"href":"https:\/\/www.ssv-l\u00fcdenscheid.de\/index.php?rest_route=\/wp\/v2\/pages\/509\/revisions\/1853"}],"wp:featuredmedia":[{"embeddable":true,"href":"https:\/\/www.ssv-l\u00fcdenscheid.de\/index.php?rest_route=\/wp\/v2\/media\/1082"}],"wp:attachment":[{"href":"https:\/\/www.ssv-l\u00fcdenscheid.de\/index.php?rest_route=%2Fwp%2Fv2%2Fmedia&parent=509"}],"curies":[{"name":"wp","href":"https:\/\/api.w.org\/{rel}","templated":true}]}}