{"id":517,"date":"2016-05-11T13:50:04","date_gmt":"2016-05-11T13:50:04","guid":{"rendered":"http:\/\/wpoffice\/enfold-fitness\/?page_id=517"},"modified":"2026-03-31T07:39:58","modified_gmt":"2026-03-31T05:39:58","slug":"team","status":"publish","type":"page","link":"https:\/\/www.ssv-l\u00fcdenscheid.de\/?page_id=517","title":{"rendered":"Der Vorstand"},"content":{"rendered":"<div id='full_slider_1'  class='avia-fullwidth-slider main_color avia-shadow   avia-builder-el-0  el_before_av_heading  avia-builder-el-first   container_wrap sidebar_right'  ><div  class='avia-slideshow av-kq80m0z7-205ac6bbb7db2e1512dd77a047a905a0 avia-slideshow-featured av_slideshow_full avia-slide-slider av-slideshow-ui av-control-default av-slideshow-manual av-loop-once av-loop-manual-endless av-default-height-applied   avia-slideshow-1' data-slideshow-options=\"{&quot;animation&quot;:&quot;slide&quot;,&quot;autoplay&quot;:false,&quot;loop_autoplay&quot;:&quot;once&quot;,&quot;interval&quot;:5,&quot;loop_manual&quot;:&quot;manual-endless&quot;,&quot;autoplay_stopper&quot;:false,&quot;noNavigation&quot;:false,&quot;bg_slider&quot;:false,&quot;keep_padding&quot;:false,&quot;hoverpause&quot;:false,&quot;show_slide_delay&quot;:0}\"  itemprop=\"image\" itemscope=\"itemscope\" itemtype=\"https:\/\/schema.org\/ImageObject\" ><ul class='avia-slideshow-inner ' style='padding-bottom: 28.666666666667%;'><li  class='avia-slideshow-slide av-kq80m0z7-205ac6bbb7db2e1512dd77a047a905a0__0  av-single-slide slide-1 slide-odd'><div data-rel='slideshow-1' class='avia-slide-wrap '   ><img fetchpriority=\"high\" fetchpriority=\"high\" decoding=\"async\" fetchpriority=\"high\" class=\"wp-image-1133 avia-img-lazy-loading-not-1133\"  src=\"https:\/\/www.ssv-l\u00fcdenscheid.de\/wp-content\/uploads\/2021\/06\/AdobeStock_82171469-1500x430.jpeg\" width=\"1500\" height=\"430\" title='AdobeStock_82171469' alt=''  itemprop=\"thumbnailUrl\"   \/><div class='av-section-color-overlay' style='opacity: 0.3; background-color: #000000; '><\/div><\/div><\/li><\/ul><\/div><\/div><div id='after_full_slider_1'  class='main_color av_default_container_wrap container_wrap sidebar_right'  ><div class='container av-section-cont-open' ><div class='template-page content  av-content-small alpha units'><div class='post-entry post-entry-type-page post-entry-517'><div class='entry-content-wrapper clearfix'>\n\n<style type=\"text\/css\" data-created_by=\"avia_inline_auto\" id=\"style-css-av-kq7zqr5k-0f128484e6106699f851633b064bb5b4\">\n#top .av-special-heading.av-kq7zqr5k-0f128484e6106699f851633b064bb5b4{\npadding-bottom:10px;\n}\nbody .av-special-heading.av-kq7zqr5k-0f128484e6106699f851633b064bb5b4 .av-special-heading-tag .heading-char{\nfont-size:25px;\n}\n.av-special-heading.av-kq7zqr5k-0f128484e6106699f851633b064bb5b4 .av-subheading{\nfont-size:15px;\n}\n<\/style>\n<div  class='av-special-heading av-kq7zqr5k-0f128484e6106699f851633b064bb5b4 av-special-heading-h1  avia-builder-el-1  el_after_av_slideshow_full  el_before_av_textblock  avia-builder-el-first '><h1 class='av-special-heading-tag '  itemprop=\"headline\"  >Der Vorstand<\/h1><div class=\"special-heading-border\"><div class=\"special-heading-inner-border\"><\/div><\/div><\/div>\n<section  class='av_textblock_section av-kpz0ya1a-6916c2987bfab8e85434e861a085388a '   itemscope=\"itemscope\" itemtype=\"https:\/\/schema.org\/CreativeWork\" ><div class='avia_textblock'  itemprop=\"text\" ><p class=\"Text_Tabelle_Fett\" align=\"justify\">Gesch\u00e4ftsf\u00fchrender Vorstand, Beisitzer und Beauftragte f\u00fcr das Sportabzeichen<\/p>\n<table style=\"height: 1439px;\" border=\"1\" width=\"1883\" cellspacing=\"1\" cellpadding=\"3\">\n<tbody>\n<tr>\n<td align=\"left\" valign=\"top\" width=\"156\"><span class=\"Stil27\"><span class=\"Text_Tabelle_Fett\">Vorstand<\/span><\/span><\/p>\n<p class=\"Text_Tabelle\">Vorstandsprecher,<br \/>\nallgem. Aufgaben,<br \/>\n\u00d6ffentlichkeitsarbeit<\/p>\n<\/td>\n<td align=\"left\" valign=\"top\" width=\"163\"><span class=\"Text_Tabelle_Fett\"><b>Michael Meyer<\/b><\/span><\/p>\n<p>Im Winkel 44<br \/>\n58509 L\u00fcdenscheid<\/td>\n<td align=\"left\" valign=\"top\" width=\"230\">\n<p class=\"Text_Tabelle\"><a href=\"mailto:michael.meyer@ssv-l\u00fcdenscheid.de\">michael.meyer@ssv-l\u00fcdenscheid.de<\/a><\/p>\n<\/td>\n<td align=\"left\" valign=\"top\" width=\"36\">\n<p class=\"Text_Tabelle\">Tel.<\/p>\n<p class=\"Text_Tabelle\">Mobil<\/p>\n<\/td>\n<td align=\"left\" valign=\"top\" width=\"107\">\n<p class=\"Text_Tabelle\">02351 953076<\/p>\n<p class=\"Text_Tabelle\">0170 8132268<\/p>\n<\/td>\n<\/tr>\n<tr>\n<td align=\"left\" valign=\"top\" height=\"126\"><span class=\"Text_Tabelle_Fett\">Vorstand<\/span><\/p>\n<p class=\"Text_Tabelle\">Gesch\u00e4ftsf\u00fchrung<\/p>\n<\/td>\n<td align=\"left\" valign=\"top\"><span class=\"Text_Tabelle_Fett\"><b>Herbert Koschek<\/b><\/span><\/p>\n<p class=\"Text_Tabelle\">Annabergstra\u00dfe 31<br \/>\n58511 L\u00fcdenscheid<\/p>\n<\/td>\n<td align=\"left\" valign=\"top\"><a href=\"mailto:herbert.mathilde@gmx.de\">herbert.mathilde@gmx.de<\/a><\/td>\n<td align=\"left\" valign=\"top\">\n<p class=\"Text_Tabelle\">Tel.<\/p>\n<p class=\"Text_Tabelle\">Mobil<\/p>\n<\/td>\n<td align=\"left\" valign=\"top\">\n<p class=\"Text_Tabelle\">02351 38228<\/p>\n<p><span class=\"Text_Tabelle\">017624955558<\/span><\/td>\n<\/tr>\n<tr class=\"Text_Tabelle\">\n<td align=\"left\" valign=\"top\" height=\"30\"><span class=\"Text_Tabelle_Fett\">Vorstand<\/span><\/p>\n<p>Finanzen<\/td>\n<td class=\"Text_Tabelle\" align=\"left\" valign=\"top\">\n<p class=\"Stil19\"><span class=\"Text_Tabelle_Fett\"><b>Holger Schumacher<\/b><\/span><\/p>\n<p class=\"Stil19\">Am Sch\u00e4ferland 35<br \/>\n58515 L\u00fcdenscheid<\/p>\n<\/td>\n<td class=\"Text_Tabelle\" align=\"left\" valign=\"top\">\n<p class=\"Text_Tabelle\"><a href=\"mailto:schumacherah@aol.com\">schumacherah@aol.com<\/a><\/p>\n<\/td>\n<td class=\"Text_Tabelle\" align=\"left\" valign=\"top\">\n<p class=\"Text_Tabelle\">Tel.<\/p>\n<p class=\"Text_Tabelle\">Mobil<\/p>\n<\/td>\n<td class=\"Text_Tabelle\" align=\"left\" valign=\"top\">02351 380845<\/p>\n<p>0151 54074382<\/td>\n<\/tr>\n<tr>\n<td align=\"left\" valign=\"top\"><span class=\"Text_Tabelle_Fett\">Vorstand<\/span><\/p>\n<p class=\"Text_Tabelle\">\n<\/td>\n<td align=\"left\" valign=\"top\">\n<p class=\"Text_Tabelle_Fett\"><span class=\"Text_Tabelle_Fett\"><b>Michael Thielicke<\/b><\/span><\/p>\n<p class=\"Text_Tabelle\">Wauerthang 21<br \/>\n58511 L\u00fcdenscheid<\/p>\n<\/td>\n<td align=\"left\" valign=\"top\"><a href=\"mailto:micha.thielicke@web.de\">micha.thielicke@web.de<\/a><\/td>\n<td align=\"left\" valign=\"top\">\n<p class=\"Text_Tabelle\">Tel.<\/p>\n<p class=\"Text_Tabelle\">Mobil<\/p>\n<\/td>\n<td align=\"left\" valign=\"top\">\n<p class=\"Text_Tabelle\">02351 42148<\/p>\n<p class=\"Text_Tabelle\">0179 7431345<\/p>\n<\/td>\n<\/tr>\n<tr>\n<td align=\"left\" valign=\"top\">\n<p class=\"Text_Tabelle\"><span class=\"Text_Tabelle_Fett\">Vorstand<\/span><\/p>\n<p class=\"Text_Tabelle\">Jugendangelegenheiten<\/p>\n<\/td>\n<td align=\"left\" valign=\"top\">\n<p class=\"Text_Tabelle\"><b class=\"Text_Tabelle_Fett\">Holger Niklas<\/b><\/p>\n<p class=\"Text_Tabelle\">Am Wendelpfad 4<\/p>\n<p class=\"Text_Tabelle\">58507 L\u00fcdenscheid<\/p>\n<\/td>\n<td align=\"left\" valign=\"top\">\n<p class=\"Text_Tabelle\"><a href=\"mailto:niklas.h@ac-luedenscheid.de\">niklas.h@ac-luedenscheid.de<\/a><\/p>\n<\/td>\n<td align=\"left\" valign=\"top\">\n<p class=\"Text_Tabelle\">Tel.<\/p>\n<p class=\"Text_Tabelle\">Mobil<\/p>\n<\/td>\n<td align=\"left\" valign=\"top\">02351 981384<\/p>\n<p>0171 3166911<\/td>\n<\/tr>\n<tr>\n<td align=\"left\" valign=\"top\">\n<p class=\"Text_Tabelle_Fett\">Erweiterter Vorstand<\/p>\n<p>Beauftragte f\u00fcr das Sportabzeichen<\/td>\n<td align=\"left\" valign=\"top\">\n<p class=\"Text_Tabelle_Fett\"><b>R\u00fcdiger Rump<\/b><\/p>\n<\/td>\n<td align=\"left\" valign=\"top\">\n<p class=\"Text_Tabelle\"><a href=\"mailto:r-rump@web.de\">r-rump@web.de\u00a0<\/a><\/p>\n<\/td>\n<td align=\"left\" valign=\"top\">\n<p class=\"Text_Tabelle\">Tel.<\/p>\n<p class=\"Text_Tabelle\">Mobil<\/p>\n<\/td>\n<td align=\"left\" valign=\"top\">\n<p class=\"Text_Tabelle\">\n<p>0173 7277400<\/td>\n<\/tr>\n<tr>\n<td align=\"left\" valign=\"top\">\n<p class=\"Text_Tabelle_Fett\">Erweiterter Vorstand<\/p>\n<p class=\"Text_Tabelle\">Beisitzer<\/p>\n<\/td>\n<td align=\"left\" valign=\"top\"><span class=\"Text_Tabelle_Fett\"><b>Kai Winter<\/b><\/span><\/p>\n<p class=\"Text_Tabelle\">\n<\/td>\n<td align=\"left\" valign=\"top\">\n<p class=\"Text_Tabelle\"><a href=\"mailto:kaiwinter@posteo.de\">kaiwinter@posteo.de<\/a><\/p>\n<\/td>\n<td align=\"left\" valign=\"top\">\n<p class=\"Text_Tabelle\">Tel.<\/p>\n<p>Mobil<\/td>\n<td align=\"left\" valign=\"top\">\n<p class=\"Text_Tabelle\">\n<p class=\"Text_Tabelle\">\n<\/td>\n<\/tr>\n<tr>\n<td align=\"left\" valign=\"top\" height=\"126\">\n<p class=\"Text_Tabelle_Fett\">Erweiterter Vorstand<\/p>\n<p class=\"Text_Tabelle\">Beisitzer<\/p>\n<\/td>\n<td align=\"left\" valign=\"top\">\n<p class=\"Text_Tabelle_Fett\"><span class=\"Text_Tabelle_Fett\"><b>Alexandra Esser<\/b><\/span><\/p>\n<p class=\"Text_Tabelle\">\n<\/td>\n<td align=\"left\" valign=\"top\">\n<p class=\"Text_Tabelle\"><a href=\"mailto:al.esser@hotmail.com\">al.esser@hotmail.com<\/a><\/p>\n<\/td>\n<td align=\"left\" valign=\"top\">\n<p class=\"Text_Tabelle\">Tel.<\/p>\n<p class=\"Text_Tabelle\">Mobil<\/p>\n<\/td>\n<td align=\"left\" valign=\"top\">\n<p class=\"Text_Tabelle\">\n<p class=\"Text_Tabelle\">\n<\/td>\n<\/tr>\n<tr>\n<td align=\"left\" valign=\"top\" height=\"126\">\n<p class=\"Text_Tabelle_Fett\">Erweiterter Vorstand<\/p>\n<p class=\"Text_Tabelle\">Beisitzer<\/p>\n<\/td>\n<td align=\"left\" valign=\"top\">Guido Schr\u00f6der<\/td>\n<td align=\"left\" valign=\"top\"><a href=\"mailto:guido-s@tesch.net\">guido-s@tesch.net<\/a><\/td>\n<td align=\"left\" valign=\"top\">\u00a0Tel.<\/p>\n<p>Mobil<\/td>\n<td align=\"left\" valign=\"top\">0151 61450607<\/td>\n<\/tr>\n<tr>\n<td align=\"left\" valign=\"top\" height=\"126\"><\/td>\n<td align=\"left\" valign=\"top\"><\/td>\n<td align=\"left\" valign=\"top\"><\/td>\n<td align=\"left\" valign=\"top\"><\/td>\n<td align=\"left\" valign=\"top\"><\/td>\n<\/tr>\n<\/tbody>\n<\/table>\n<\/div><\/section>\n","protected":false},"excerpt":{"rendered":"","protected":false},"author":1,"featured_media":1133,"parent":0,"menu_order":0,"comment_status":"closed","ping_status":"closed","template":"","meta":{"footnotes":""},"class_list":["post-517","page","type-page","status-publish","has-post-thumbnail","hentry"],"_links":{"self":[{"href":"https:\/\/www.ssv-l\u00fcdenscheid.de\/index.php?rest_route=\/wp\/v2\/pages\/517","targetHints":{"allow":["GET"]}}],"collection":[{"href":"https:\/\/www.ssv-l\u00fcdenscheid.de\/index.php?rest_route=\/wp\/v2\/pages"}],"about":[{"href":"https:\/\/www.ssv-l\u00fcdenscheid.de\/index.php?rest_route=\/wp\/v2\/types\/page"}],"author":[{"embeddable":true,"href":"https:\/\/www.ssv-l\u00fcdenscheid.de\/index.php?rest_route=\/wp\/v2\/users\/1"}],"replies":[{"embeddable":true,"href":"https:\/\/www.ssv-l\u00fcdenscheid.de\/index.php?rest_route=%2Fwp%2Fv2%2Fcomments&post=517"}],"version-history":[{"count":40,"href":"https:\/\/www.ssv-l\u00fcdenscheid.de\/index.php?rest_route=\/wp\/v2\/pages\/517\/revisions"}],"predecessor-version":[{"id":1865,"href":"https:\/\/www.ssv-l\u00fcdenscheid.de\/index.php?rest_route=\/wp\/v2\/pages\/517\/revisions\/1865"}],"wp:featuredmedia":[{"embeddable":true,"href":"https:\/\/www.ssv-l\u00fcdenscheid.de\/index.php?rest_route=\/wp\/v2\/media\/1133"}],"wp:attachment":[{"href":"https:\/\/www.ssv-l\u00fcdenscheid.de\/index.php?rest_route=%2Fwp%2Fv2%2Fmedia&parent=517"}],"curies":[{"name":"wp","href":"https:\/\/api.w.org\/{rel}","templated":true}]}}