{"id":560,"date":"2016-05-11T23:25:50","date_gmt":"2016-05-11T23:25:50","guid":{"rendered":"http:\/\/test.kriesi.at\/enfold-gym\/?page_id=560"},"modified":"2022-04-04T09:18:08","modified_gmt":"2022-04-04T07:18:08","slug":"our-mission","status":"publish","type":"page","link":"https:\/\/www.ssv-l\u00fcdenscheid.de\/?page_id=560","title":{"rendered":"Aufgaben und Ziele"},"content":{"rendered":"<div id='full_slider_1'  class='avia-fullwidth-slider main_color avia-shadow   avia-builder-el-0  el_before_av_heading  avia-builder-el-first   container_wrap sidebar_right'  ><div  class='avia-slideshow av-kq84jgn2-fb90bee1207a5fa1dbbbc7f9bce1e268 avia-slideshow-featured av_slideshow_full avia-slide-slider av-slideshow-ui av-control-hidden av-no-slider-navigation av-hide-nav-arrows av-slideshow-manual av-loop-once av-loop-manual-endless av-default-height-applied   avia-slideshow-1' data-slideshow-options=\"{&quot;animation&quot;:&quot;slide&quot;,&quot;autoplay&quot;:false,&quot;loop_autoplay&quot;:&quot;once&quot;,&quot;interval&quot;:5,&quot;loop_manual&quot;:&quot;manual-endless&quot;,&quot;autoplay_stopper&quot;:false,&quot;noNavigation&quot;:true,&quot;bg_slider&quot;:false,&quot;keep_padding&quot;:false,&quot;hoverpause&quot;:false,&quot;show_slide_delay&quot;:0}\"  itemprop=\"image\" itemscope=\"itemscope\" itemtype=\"https:\/\/schema.org\/ImageObject\" ><ul class='avia-slideshow-inner ' style='padding-bottom: 28.666666666667%;'><li  class='avia-slideshow-slide av-kq84jgn2-fb90bee1207a5fa1dbbbc7f9bce1e268__0  av-single-slide slide-1 slide-odd'><div data-rel='slideshow-1' class='avia-slide-wrap '   ><img fetchpriority=\"high\" fetchpriority=\"high\" decoding=\"async\" fetchpriority=\"high\" class=\"wp-image-1183 avia-img-lazy-loading-not-1183\"  src=\"https:\/\/www.ssv-l\u00fcdenscheid.de\/wp-content\/uploads\/2021\/06\/Targeted-Mobile-Ad-Image-1500x430.jpg\" width=\"1500\" height=\"430\" title='Red dart arrow hitting in the target center of dartboard with modern city and sunset background. Target business, achieve and victory concept .' alt=''  itemprop=\"thumbnailUrl\"   \/><div class='av-section-color-overlay' style='opacity: 0.3; background-color: #000000; '><\/div><\/div><\/li><\/ul><\/div><\/div><div id='after_full_slider_1'  class='main_color av_default_container_wrap container_wrap sidebar_right'  ><div class='container av-section-cont-open' ><div class='template-page content  av-content-small alpha units'><div class='post-entry post-entry-type-page post-entry-560'><div class='entry-content-wrapper clearfix'>\n\n<style type=\"text\/css\" data-created_by=\"avia_inline_auto\" id=\"style-css-av-kq84i8ew-af49339bd84db904d86728c03619a9c4\">\n#top .av-special-heading.av-kq84i8ew-af49339bd84db904d86728c03619a9c4{\npadding-bottom:10px;\n}\nbody .av-special-heading.av-kq84i8ew-af49339bd84db904d86728c03619a9c4 .av-special-heading-tag .heading-char{\nfont-size:25px;\n}\n.av-special-heading.av-kq84i8ew-af49339bd84db904d86728c03619a9c4 .av-subheading{\nfont-size:15px;\n}\n<\/style>\n<div  class='av-special-heading av-kq84i8ew-af49339bd84db904d86728c03619a9c4 av-special-heading-h1  avia-builder-el-1  el_after_av_slideshow_full  el_before_av_textblock  avia-builder-el-first '><h1 class='av-special-heading-tag '  itemprop=\"headline\"  >Aufgaben und Ziele<\/h1><div class=\"special-heading-border\"><div class=\"special-heading-inner-border\"><\/div><\/div><\/div>\n<section  class='av_textblock_section av-2yxm2w-40f4664a2ee881a81155dee6f0a4d19b '   itemscope=\"itemscope\" itemtype=\"https:\/\/schema.org\/CreativeWork\" ><div class='avia_textblock'  itemprop=\"text\" ><p class=\"Text_Hauptinhalt\">Der Stadtsportverband L\u00fcdenscheid e. V. ist die Gemeinschaft vieler Sportvereine im Stadtgebiet L\u00fcdenscheid.<br \/>\nEr vertritt die Interessen von \u00fcber 60 Sportvereinen mit mehr als 19.000 Mitgliedern.<\/p>\n<p class=\"Text_Hauptinhalt\">Alle Organe im Stadtsportverband L\u00fcdenscheid e. V. arbeiten ehrenamtlich. Neben der Jahreshauptversammlung finden in regelm\u00e4\u00dfigen Abst\u00e4nden Sitzungen des gesch\u00e4ftsf\u00fchrenden und des erweiterten Vorstandes statt.<\/p>\n<p>Zahlreiche Einzelgespr\u00e4che mit den Vereinen vor Ort (z.B. bei Veranstaltungen) sind die Grundlage \u00a0f\u00fcr einen regen \u00a0Informationsaustausch zwischen den L\u00fcdenscheider Sportvereinen und dem Stadtsportverband.<\/p>\n<p class=\"Text_Hauptinhalt\">Zweck des Stadtsportverbandes ist es, daf\u00fcr einzutreten:<br \/>\na) den Sport in jeder Beziehung zu f\u00f6rdern und die daf\u00fcr erforderlichen Ma\u00dfnahmen zu koordinieren, unter besonderer Ber\u00fccksichtigung der immer umfangreicher und gewichtiger werdenden Freizeit.<br \/>\nb) den Sport in Verbands- und fachlichen Angelegenheiten auch gegen\u00fcber der Stadt L\u00fcdenscheid und in der \u00d6ffentlichkeit zu vertreten und die damit zusammenh\u00e4ngenden Fragen seiner Mitgliedsvereine zu regeln.<\/p>\n<p class=\"Text_Hauptinhalt\">Sie sind an weiteren Informationen \u00fcber das L\u00fcdenscheider Sportleben allgemein oder den Stadtsportverband L\u00fcdenscheid e. V. im Besonderen interessiert? Sprechen Sie uns an!<\/p>\n<\/div><\/section>\n","protected":false},"excerpt":{"rendered":"","protected":false},"author":1,"featured_media":1183,"parent":0,"menu_order":0,"comment_status":"closed","ping_status":"closed","template":"","meta":{"footnotes":""},"class_list":["post-560","page","type-page","status-publish","has-post-thumbnail","hentry"],"_links":{"self":[{"href":"https:\/\/www.ssv-l\u00fcdenscheid.de\/index.php?rest_route=\/wp\/v2\/pages\/560","targetHints":{"allow":["GET"]}}],"collection":[{"href":"https:\/\/www.ssv-l\u00fcdenscheid.de\/index.php?rest_route=\/wp\/v2\/pages"}],"about":[{"href":"https:\/\/www.ssv-l\u00fcdenscheid.de\/index.php?rest_route=\/wp\/v2\/types\/page"}],"author":[{"embeddable":true,"href":"https:\/\/www.ssv-l\u00fcdenscheid.de\/index.php?rest_route=\/wp\/v2\/users\/1"}],"replies":[{"embeddable":true,"href":"https:\/\/www.ssv-l\u00fcdenscheid.de\/index.php?rest_route=%2Fwp%2Fv2%2Fcomments&post=560"}],"version-history":[{"count":12,"href":"https:\/\/www.ssv-l\u00fcdenscheid.de\/index.php?rest_route=\/wp\/v2\/pages\/560\/revisions"}],"predecessor-version":[{"id":1509,"href":"https:\/\/www.ssv-l\u00fcdenscheid.de\/index.php?rest_route=\/wp\/v2\/pages\/560\/revisions\/1509"}],"wp:featuredmedia":[{"embeddable":true,"href":"https:\/\/www.ssv-l\u00fcdenscheid.de\/index.php?rest_route=\/wp\/v2\/media\/1183"}],"wp:attachment":[{"href":"https:\/\/www.ssv-l\u00fcdenscheid.de\/index.php?rest_route=%2Fwp%2Fv2%2Fmedia&parent=560"}],"curies":[{"name":"wp","href":"https:\/\/api.w.org\/{rel}","templated":true}]}}