{"id":897,"date":"2021-06-16T10:07:18","date_gmt":"2021-06-16T08:07:18","guid":{"rendered":"https:\/\/ssv-l\u00fcdenscheid.de\/?page_id=897"},"modified":"2021-06-22T16:30:13","modified_gmt":"2021-06-22T14:30:13","slug":"satzung","status":"publish","type":"page","link":"https:\/\/www.ssv-l\u00fcdenscheid.de\/?page_id=897","title":{"rendered":"Satzung"},"content":{"rendered":"<div id='full_slider_1'  class='avia-fullwidth-slider main_color avia-shadow   avia-builder-el-0  el_before_av_heading  avia-builder-el-first   container_wrap sidebar_right'  ><div  class='avia-slideshow av-kq859ox0-05932fa65293ab2e10a63d81d4eec3c5 avia-slideshow-featured av_slideshow_full avia-slide-slider av-slideshow-ui av-control-hidden av-no-slider-navigation av-hide-nav-arrows av-slideshow-manual av-loop-once av-loop-manual-endless av-default-height-applied   avia-slideshow-1' data-slideshow-options=\"{&quot;animation&quot;:&quot;slide&quot;,&quot;autoplay&quot;:false,&quot;loop_autoplay&quot;:&quot;once&quot;,&quot;interval&quot;:5,&quot;loop_manual&quot;:&quot;manual-endless&quot;,&quot;autoplay_stopper&quot;:false,&quot;noNavigation&quot;:true,&quot;bg_slider&quot;:false,&quot;keep_padding&quot;:false,&quot;hoverpause&quot;:false,&quot;show_slide_delay&quot;:0}\"  itemprop=\"image\" itemscope=\"itemscope\" itemtype=\"https:\/\/schema.org\/ImageObject\" ><ul class='avia-slideshow-inner ' style='padding-bottom: 28.666666666667%;'><li  class='avia-slideshow-slide av-kq859ox0-05932fa65293ab2e10a63d81d4eec3c5__0  av-single-slide slide-1 slide-odd'><div data-rel='slideshow-1' class='avia-slide-wrap '   ><img fetchpriority=\"high\" fetchpriority=\"high\" decoding=\"async\" fetchpriority=\"high\" class=\"wp-image-1201 avia-img-lazy-loading-not-1201\"  src=\"https:\/\/www.ssv-l\u00fcdenscheid.de\/wp-content\/uploads\/2021\/06\/GettyImages-1139699594-1500x430.jpg\" width=\"1500\" height=\"430\" title='GettyImages-1139699594' alt=''  itemprop=\"thumbnailUrl\"   \/><div class='av-section-color-overlay' style='opacity: 0.3; background-color: #000000; '><\/div><\/div><\/li><\/ul><\/div><\/div><div id='after_full_slider_1'  class='main_color av_default_container_wrap container_wrap sidebar_right'  ><div class='container av-section-cont-open' ><div class='template-page content  av-content-small alpha units'><div class='post-entry post-entry-type-page post-entry-897'><div class='entry-content-wrapper clearfix'>\n\n<style type=\"text\/css\" data-created_by=\"avia_inline_auto\" id=\"style-css-av-kq8586al-ac229543ac54fc6c8a7ecaad71b6a115\">\n#top .av-special-heading.av-kq8586al-ac229543ac54fc6c8a7ecaad71b6a115{\npadding-bottom:10px;\n}\nbody .av-special-heading.av-kq8586al-ac229543ac54fc6c8a7ecaad71b6a115 .av-special-heading-tag .heading-char{\nfont-size:25px;\n}\n.av-special-heading.av-kq8586al-ac229543ac54fc6c8a7ecaad71b6a115 .av-subheading{\nfont-size:15px;\n}\n<\/style>\n<div  class='av-special-heading av-kq8586al-ac229543ac54fc6c8a7ecaad71b6a115 av-special-heading-h1  avia-builder-el-1  el_after_av_slideshow_full  el_before_av_textblock  avia-builder-el-first '><h1 class='av-special-heading-tag '  itemprop=\"headline\"  >Satzung<\/h1><div class=\"special-heading-border\"><div class=\"special-heading-inner-border\"><\/div><\/div><\/div>\n<section  class='av_textblock_section av-av_textblock-01da66c8a430ece279119bac7dc1a336 '   itemscope=\"itemscope\" itemtype=\"https:\/\/schema.org\/CreativeWork\" ><div class='avia_textblock'  itemprop=\"text\" ><p><strong>Pr\u00e4ambel<br \/>\n<\/strong>Der Verband ist Nachfolger des im Jahre 1946 wiedergegr\u00fcndeten &#8222;Stadtverband f\u00fcr Leibes\u00fcbungen L\u00fcdenscheid&#8220;.<br \/>\nEr tritt in dessen s\u00e4mtliche Rechte und Pflichten ein. Die Mitgliedschaften im Stadtverband f\u00fcr Leibes\u00fcbungen e. V. werden \u00fcbernommen, ohne dass es des erneuten Beitritts zum Verband bedarf.<\/p>\n<p><strong>\u00a7 1\u00a0 Name und Sitz<\/strong><br \/>\n1. Der Verband f\u00fchrt den Namen \u00a0<strong>\u201eStadtsportverband L\u00fcdenscheid e. V.\u201c<\/strong><\/p>\n<p>2. Der Verband hat seinen Sitz und Gerichtsstand in L\u00fcdenscheid\/Westfalen.<\/p>\n<p>3. Der Verband ist im Vereinsregister unter dem Aktenzeichen VR 20718 bei dem Amtsgericht in Iserlohn<br \/>\n\u00a0\u00a0\u00a0\u00a0\u00a0eingetragen.<\/p>\n<p><strong>\u00a7 2\u00a0 Zweck des Verbandes<\/strong><br \/>\nDer Verband ist parteipolitisch und religi\u00f6s neutral.<\/p>\n<p>Der Verband verfolgt ausschlie\u00dflich und unmittelbar gemeinn\u00fctzige Zwecke im Sinne des Abschnitts \u201eSteuerbeg\u00fcnstigte Zwecke\u201c der Abgabenordnung.<\/p>\n<p>Die Mittel des Verbandes d\u00fcrfen nur f\u00fcr die satzungsgem\u00e4\u00dfen Zwecke verwendet werden. Die Mitglieder erhalten keine Zuwendungen aus Mitteln des Verbandes. Es darf keine Person durch Ausgaben, die den Zwecken des Verbandes fremd sind oder durch unverh\u00e4ltnism\u00e4\u00dfig hohe Verg\u00fctungen beg\u00fcnstigt werden. Der Verband ist selbstlos t\u00e4tig; er verfolgt nicht in erster Linie eigenwirtschaftliche Zwecke.<\/p>\n<p>Der Stadtsportverband ist der Dachverband der L\u00fcdenscheider Turn- und Sportvereine, er hat im Besonderen nachfolgend aufgef\u00fchrte Aufgaben:<\/p>\n<p>a) Sicherung und Organisation der Zusammenarbeit der Turn- und Sportvereine der Stadt L\u00fcdenscheid<br \/>\nb) Beratung der st\u00e4dtischen und \u00f6rtlichen Organe in allen Fragen des Sports<br \/>\nc) Durchf\u00fchrung von Stadtmeisterschaften in allen Turn- und Sportarten<br \/>\nd) Durchf\u00fchrung der f\u00fcr den Erwerb des Sportabzeichens n\u00f6tigen organisatorischen Ma\u00dfnahmen<br \/>\n\u00a0\u00a0\u00a0\u00a0\u00a0und erforderlichen Veranstaltungen<br \/>\ne) Organisation und Durchf\u00fchrung von Veranstaltungen zugunsten des Sports in der Stadt L\u00fcdenscheid<br \/>\nf)\u00a0 Auf Antrag Beratung und Vertretung der Mitgliedsvereine gegen\u00fcber Kreissportbund und Landessportbund sowie \u00a0\u00a0\u00a0\u00a0\u00a0gegen\u00fcber des \u00f6rtlichen Beh\u00f6rden, kommunalen K\u00f6rperschaften und sonstigen \u00f6ffentlichen und privaten \u00a0\u00a0\u00a0\u00a0\u00a0Organisationen.<\/p>\n<p><strong>\u00a7 3\u00a0 Mitgliedschaft<\/strong><br \/>\nMitglieder k\u00f6nnen alle Turn- und Sportvereine der Stadt L\u00fcdenscheid werden, die Mitglied eines Fachverbandes sind und die dem Landessportbund Nordrhein-Westfalen als ordentliche Mitglieder angeh\u00f6ren.<\/p>\n<p>Die Mitgliedschaft erfolgt durch Aufnahme. Der Antrag auf Aufnahme ist schriftlich an den Vorstand zu richten, der \u00fcber\u00a0die Aufnahme entscheidet. Mit der Aufnahme in den Stadtsportverband erkennt das Mitglied die Satzung des Vereins an.<\/p>\n<p>Die Mitgliedschaft endet durch:<\/p>\n<p>&#8211; auch durch Ausschluss aus dem Kreissportbund M\u00e4rkischer Kreis e. V.<br \/>\n&#8211; und dem Landessportbund Nordrhein-Westfalen.<\/p>\n<p>Der Ausschluss erfolgt durch Vorstandsbeschluss. Er ist dem ausgeschlossenen Mitglied durch eingeschriebenen Brief mitzuteilen.<\/p>\n<p>Gegen den Ausschluss ist binnen eines Monats seit Zugang der Mitteilung die Beschwerde m\u00f6glich, die innerhalb eines Monats an die Mitgliederversammlung zu H\u00e4nden des Vorstandes zu richten ist.<\/p>\n<p>Die Beschwerde hat aufschiebende Wirkung.<\/p>\n<p>Gegen die Entscheidung der Mitgliederversammlung ist der ordentliche Rechtsweg nur mit der Begr\u00fcndung zul\u00e4ssig, dass der Ausschluss gegen die Satzung des Verbandes verst\u00f6\u00dft.<\/p>\n<p>Der Ausschluss ist zul\u00e4ssig, wenn Mitglieder gegen Verbandsinteressen gr\u00f6blich versto\u00dfen.<\/p>\n<p>Der Austritt eines Mitgliedes ist nur wirksam, wenn er schriftlich dem vertretungsberechtigten Vorsitzenden gegen\u00fcber erkl\u00e4rt wird. Er wird wirksam zum Jahresende der Austrittserkl\u00e4rung. Bis zur Wirksamkeit der Austrittserkl\u00e4rung bestehen Mitgliedschaftsrechte und \u2013pflichten fort.<\/p>\n<p>Die Mitgliedsvereine haben Jahresbeitr\u00e4ge zu zahlen, deren H\u00f6he von der Mitgliederversammlung festgelegt wird. Bemessungsgrundlage ist die j\u00e4hrliche Mitgliedermeldung an den LSB. F\u00fcr je angefangene 300 Mitglieder ist ein (1) Beitragsanteil zu entrichten.<\/p>\n<p>Der Beitrag ist bis zum 31.03. eines jeden Gesch\u00e4ftsjahres bargeldlos auf das Konto des Stadtsportverbandes L\u00fcdenscheid e. V. zu erbringen.<br \/>\n(IBAN: DE21 4585 0005 0000 0369 62; BIC: WELADED1LSD)<\/p>\n<p><strong>\u00a7 4\u00a0 Organe des Verbandes<\/strong><br \/>\nOrgane des Verbandes sind:<\/p>\n<p><strong>\u00a7 5 \u00a0Die Mitgliederversammlung<\/strong><br \/>\nDie Mitgliederversammlung wird gebildet durch die Delegierten der Mitgliedervereine, die f\u00fcr je angefangene 300 Mitglieder eine Stimme haben. Jeder Verein darf sein Stimmrecht nur einheitlich aus\u00fcben; dabei gen\u00fcgt die Stimmabgabe durch einen Delegierten. Die j\u00e4hrliche Mitgliedermeldung an den LSB ist f\u00fcr die Berechnung der Anzahl der Delegierten ma\u00dfgebend.<\/p>\n<p>Das Stimmrecht kann nur wahrgenommen werden, wenn die Beitragsverpflichtung erf\u00fcllt ist.<\/p>\n<p>Die ordentliche Mitgliederversammlung findet j\u00e4hrlich statt. Eine au\u00dferordentliche Mitgliederversammlung findet statt, wenn der Vorstand oder der erweiterte Vorstand das beschlie\u00dft oder wenn wenigstens 10 % der Mitgliedsvereine einen entsprechenden Antrag beim Vorstand einreichen.<\/p>\n<p>Der Antrag ist schriftlich zu begr\u00fcnden.<\/p>\n<p>Die Einladung zu der Mitgliederversammlung hat durch den Vorstand mindestens 4 Wochen vor dem Versammlungstermin schriftlich unter Bekanntmachung der Tagesordnung zu erfolgen. Vorschl\u00e4ge zur Satzungs\u00e4nderung sind begr\u00fcndet beizuf\u00fcgen.<br \/>\nDie Mitgliederversammlung ist beschlussf\u00e4hig, wenn sie ordnungsgem\u00e4\u00df einberufen worden ist.<\/p>\n<p>Die Mitgliederversammlung beschlie\u00dft mit einfacher Stimmenmehrheit.<br \/>\nEs wird \u00f6ffentlich durch Handaufheben abgestimmt, geheim nur auf Antrag.<\/p>\n<p>\u00dcber \u00c4nderungen der Satzung, \u00c4nderungen des Vorstandszwecks und \u00fcber die Aufl\u00f6sung des Verbandes entscheidet die Mitgliederversammlung mit einer Mehrheit von \u00be der vorhandenen Stimmen.<\/p>\n<p>Die Mitgliederversammlung ist oberstes Organ des Verbandes, ihre Entschl\u00fcsse binden die \u00fcbrigen Verbandsorgane. Sie beschlie\u00dft besonders \u00fcber:<\/p>\n<p>a) Wahl der Mitglieder des Vorstandes<br \/>\nb) Wahl von mindestens 2 Kassenpr\u00fcfern<br \/>\nc) Entgegennahme des Berichtes des Vorstandes und der Kassenpr\u00fcfer<br \/>\nd) Entlastung des Vorstandes<br \/>\ne) Verabschiedung des Haushaltsvoranschlages<br \/>\nf) Festsetzung der Mitgliedsbeitr\u00e4ge<br \/>\ng) Aufwandsentsch\u00e4digungen und \u2013ersatz an Vorstandsmitglieder und Externe\u00a0<br \/>\nh) Vorschl\u00e4ge \u00fcber die sachkundigen Mitglieder des Sportausschusses der Stadt L\u00fcdenscheid<br \/>\ni) Satzungs\u00e4nderungen<br \/>\nj) Beschl\u00fcsse \u00fcber \u00c4nderungen des Verbandszwecks<\/p>\n<p>Die Vertretung der Mitgliedsvereine in der Mitgliederversammlung des Verbandes soll durch den Vorsitzenden erfolgen. Ein Delegierter eines Vereins darf nur einen Verein vertreten.<\/p>\n<p>Die Mitgliedsvereine sind nicht verpflichtet, ihre Delegierten vorher zu nominieren oder sie mit einer Vollmacht zur Vertretung des Vereins zu versehen.<\/p>\n<p>Antr\u00e4ge zu der Tagesordnung sind schriftlich begr\u00fcndet drei Wochen vor der Mitgliederversammlung dem Vorstand schriftlich vorzulegen. Sp\u00e4ter eingehende Antr\u00e4ge (Dringlichkeitsantr\u00e4ge) bed\u00fcrfen der Unterst\u00fctzung von mindestens 10 % der Mitgliedsvereine. Satzungs\u00e4nderungen sind ausgeschlossen.<\/p>\n<p>\u00dcber die Mitgliederversammlung f\u00fchrt der Vorstand ein Protokoll. Das Protokoll muss die von der Mitgliederversammlung gefassten Beschl\u00fcsse und Entscheidungen enthalten. Es ist von zwei Mitgliedern des Vorstandes zu unterzeichnen und den Mitgliedsvereinen\u00a0\u00a0auf Anforderung\u00a0 mittels Postweg oder per E-Mail zuzusenden.<\/p>\n<p>Es gilt als genehmigt, wenn nicht binnen Monatsfrist Widerspruch erhoben wird.<\/p>\n<p><strong>\u00a7 6\u00a0 Der Vorstand<\/strong><br \/>\nDer Vorstand besteht aus<\/p>\n<p>Der\u00a0<em>gesch\u00e4ftsf\u00fchrende<\/em>\u00a0Vorstand soll aus 5 (f\u00fcnf) gleichberechtigten Personen bestehen.<\/p>\n<p>Der erweiterte Vorstand besteht aus dem gesch\u00e4ftsf\u00fchrenden Vorstand, den Beisitzern (deren Anzahl auf 3 -drei- begrenzt ist) sowie der \/ dem Beauftragten bzw. den Beauftragten f\u00fcr das Sportabzeichen (maximal zwei).<\/p>\n<p>Die Beisitzer werden auf der Jahreshauptversammlung (JHV) jeweils f\u00fcr ein Jahr gew\u00e4hlt. Die \/ der Beauftragte bzw. die Beauftragten f\u00fcr das Sportabzeichen wird\/werden auf der JHV f\u00fcr ein Jahr best\u00e4tigt.<\/p>\n<p>Vorstand im Sinne des \u00a7 26 BGB ist der\u00a0<em>gesch\u00e4ftsf\u00fchrende<\/em>\u00a0Vorstand. Jeweils 3 (drei) seiner Mitglieder vertreten den Verein gemeinschaftlich<\/p>\n<p>Der\u00a0<em>gesch\u00e4ftsf\u00fchrende<\/em>\u00a0Vorstand gibt sich eine Gesch\u00e4ftsordnung.<\/p>\n<p>Die Mitglieder des Vorstandes werden f\u00fcr 2 Jahre gew\u00e4hlt. In den Kalenderjahren mit ungerader Jahreszahl sind 3 (drei) Vorstandsmitglieder neu zu w\u00e4hlen. In den Kalenderjahren mit gerader Jahreszahl sind mindestens 2 (zwei) -maximal jedoch 3 (drei) Vorstandsmitglieder neu zu w\u00e4hlen<br \/>\nDie zu w\u00e4hlenden Vorstandsmitglieder ergeben sich aus den Wahlen (s.a. Protokollen) des (Vor)-Vorjahres.<br \/>\nScheidet ein Mitglied innerhalb der ersten H\u00e4lfte seiner Wahlperiode aus, ist auf der folgenden JHV ein Nachfolger f\u00fcr 1 (ein) Jahr neu zu w\u00e4hlen.<\/p>\n<p>Der Vorstand f\u00fchrt selbstst\u00e4ndig die Gesch\u00e4fte des Verbandes und bestimmt die Richtlinien der Verbandsarbeit im Sinne der Satzung unter Achtung der Beschl\u00fcsse der Mitgliederversammlung.<\/p>\n<p>Der Vorstand entscheidet in seinen Sitzungen mit einfacher Stimmenmehrheit. Der Vorstand ist beschlussf\u00e4hig, wenn 4 (vier) Mitglieder anwesend sind. Das Protokoll ist von 2 (zwei)\u00a0 Vorstandsmitgliedern zu unterzeichnen.<\/p>\n<p><strong>Der \u00a7 7 \u00a0Aufwandsentsch\u00e4digungen und \u2013ersatz an Vorstandsmitglieder und Externe<\/strong><br \/>\nDie Mitgliederversammlung beschlie\u00dft unter Ber\u00fccksichtigung der wirtschaftlichen Verh\u00e4ltnisse und der Haushaltslage \u00fcber entgeltliche oder pauschalierte Aufwandsentsch\u00e4digungen an die nachstehenden Vorstandsmitglieder<\/p>\n<p>Die einzelnen Aufwandsentsch\u00e4digungen d\u00fcrfen die jeweils geltenden steuerrechtlichen H\u00f6chstgrenzennicht\u00fcbersteigen<strong><em>.<\/em><\/strong><\/p>\n<p>Die \u00fcbrigen Mitglieder des Vorstandes sowie die Beisitzer haben einen Anspruch auf Aufwendungsersatz nach \u00a7 670 BGB\u00a0 f\u00fcr solche Aufwendungen, die Ihnen durch die T\u00e4tigkeit f\u00fcr den Verband entstanden sind. Dabei ist das Gebot der Sparsamkeit zu beachten.<\/p>\n<p>Erstattungen werden nur gew\u00e4hrt, wenn die Aufwendungen mit pr\u00fcff\u00e4higen Belegen und Aufstellungen nachgewiesen werden. Der Anspruch auf Aufwendungsersatz kann nur bis zum 15. Dezember des laufenden Kalenderjahres geltend gemacht werden.\u00a0<\/p>\n<p>Einzelheiten regelt die Finanzordnung. Diese ist erstmals durch die Mitgliederversammlung im M\u00e4rz 2010 zu beschlie\u00dfen<strong><em>.<\/em><\/strong><\/p>\n<p>Der Vorstand kann bei Bedarf und unter Ber\u00fccksichtigung der wirtschaftlichen Verh\u00e4ltnisse und der Haushaltslage Auftr\u00e4ge \u00fcber T\u00e4tigkeit f\u00fcr den Verein gegen eine angemessene Verg\u00fctung oder Honorierung an Dritte vergeben.<\/p>\n<p><strong>\u00a7 8\u00a0 Die \/ der Beauftragte bzw. \/ die Beauftragten f\u00fcr das Sportabzeichen<\/strong><br \/>\nDie Sportabzeichen-Pr\u00fcfer w\u00e4hlen\u00a0 vor\u00a0 der Jahreshauptversammlung (JHV) aus ihrer Mitte die Beauftragte \/ den Beauftragten oder auch die Beauftragten f\u00fcr das Sportabzeichen (max. zwei), die \/ der durch die JHV zu best\u00e4tigen ist \/ sind.<\/p>\n<p>Aufgabe der \/des Beauftragten f\u00fcr das Sportabzeichen ist es, die Sportabzeichen-Abnahmen auf sportlich- technischer Ebene vorzubereiten, zu organisieren und durchzuf\u00fchren.<\/p>\n<p>Dar\u00fcber hinaus im Zusammenarbeit mit den im Stadtgebiet vertretenen Schulen repr\u00e4sentative Vergleichsk\u00e4mpfe etc. durchzuf\u00fchren.<\/p>\n<p><strong>\u00a7 9\u00a0 Verbandszugeh\u00f6rigkeit<\/strong><br \/>\nDer Verband ist Mitglied im Kreissportbund M\u00e4rkischer Kreis e. V. und im Landessportbund Nordrhein-Westfalen e. V.. Er erkennt die Satzung dieser Verb\u00e4nde an.<\/p>\n<p><strong>\u00a7 10\u00a0 Aufl\u00f6sung<\/strong><br \/>\nDie Aufl\u00f6sung oder Aufhebung des Verbandes kann nur durch eine zu diesem Zweck besondere einberufene au\u00dferordentliche Mitgliederversammlung erfolgen. Zur Beschlussfassung ist die Anwesenheit von mindestens 2\/3 der Stimmberechtigten erforderlich. Sollte die erste Versammlung nicht beschluss- f\u00e4hig sein, ist eine\u00a0<em>weitere<\/em>\u00a0ordnungsgem\u00e4\u00df einberufene Mitgliederversammlung in jedem Fall beschlussf\u00e4hig.<\/p>\n<p>F\u00fcr den Fall der Aufl\u00f6sung oder Aufhebung des Verbandes bestellt die au\u00dferordentliche Versammlung zwei Liquidatoren f\u00fcr die Abwicklung der noch zu t\u00e4tigen Verbandsgesch\u00e4fte.<\/p>\n<p>Bei Aufl\u00f6sung oder Aufhebung des Verbandes oder bei Wegfall steuerbeg\u00fcnstigter Zwecke f\u00e4llt das Verm\u00f6gen des Verbandes an die Stadt L\u00fcdenscheid, die es unmittelbar und ausschlie\u00dflich f\u00fcr gemeinn\u00fctzige Zwecke des Sports zu verwenden hat.<\/p>\n<p>Die vorstehende Satzung wurde in der Mitgliederversammlung des Stadtsportverbandes am\u00a0<strong><em>10.03.2016<\/em><\/strong>\u00a0beschlossen.<\/p>\n<\/div><\/section>\n","protected":false},"excerpt":{"rendered":"","protected":false},"author":2,"featured_media":1201,"parent":0,"menu_order":0,"comment_status":"closed","ping_status":"closed","template":"","meta":{"footnotes":""},"class_list":["post-897","page","type-page","status-publish","has-post-thumbnail","hentry"],"_links":{"self":[{"href":"https:\/\/www.ssv-l\u00fcdenscheid.de\/index.php?rest_route=\/wp\/v2\/pages\/897","targetHints":{"allow":["GET"]}}],"collection":[{"href":"https:\/\/www.ssv-l\u00fcdenscheid.de\/index.php?rest_route=\/wp\/v2\/pages"}],"about":[{"href":"https:\/\/www.ssv-l\u00fcdenscheid.de\/index.php?rest_route=\/wp\/v2\/types\/page"}],"author":[{"embeddable":true,"href":"https:\/\/www.ssv-l\u00fcdenscheid.de\/index.php?rest_route=\/wp\/v2\/users\/2"}],"replies":[{"embeddable":true,"href":"https:\/\/www.ssv-l\u00fcdenscheid.de\/index.php?rest_route=%2Fwp%2Fv2%2Fcomments&post=897"}],"version-history":[{"count":3,"href":"https:\/\/www.ssv-l\u00fcdenscheid.de\/index.php?rest_route=\/wp\/v2\/pages\/897\/revisions"}],"predecessor-version":[{"id":1203,"href":"https:\/\/www.ssv-l\u00fcdenscheid.de\/index.php?rest_route=\/wp\/v2\/pages\/897\/revisions\/1203"}],"wp:featuredmedia":[{"embeddable":true,"href":"https:\/\/www.ssv-l\u00fcdenscheid.de\/index.php?rest_route=\/wp\/v2\/media\/1201"}],"wp:attachment":[{"href":"https:\/\/www.ssv-l\u00fcdenscheid.de\/index.php?rest_route=%2Fwp%2Fv2%2Fmedia&parent=897"}],"curies":[{"name":"wp","href":"https:\/\/api.w.org\/{rel}","templated":true}]}}